{"id":6525,"date":"2015-02-20T01:41:31","date_gmt":"2015-02-20T01:41:31","guid":{"rendered":"https:\/\/www.cavomit.gr\/case-studies\/"},"modified":"2015-02-20T01:41:31","modified_gmt":"2015-02-20T01:41:31","slug":"case-studies","status":"publish","type":"page","link":"https:\/\/www.cavomit.gr\/en\/case-studies\/","title":{"rendered":"Case Studies"},"content":{"rendered":"<p>[vc_row rt_row_background_width=&#8221;default&#8221; rt_row_style=&#8221;default-style&#8221; rt_row_borders=&#8221;&#8221; rt_overlap=&#8221;true&#8221; rt_row_paddings=&#8221;true&#8221; id=&#8221;case-studies&#8221; rt_bg_effect=&#8221;classic&#8221; rt_bg_image_repeat=&#8221;repeat&#8221; rt_bg_size=&#8221;cover&#8221; rt_bg_position=&#8221;right top&#8221; rt_bg_attachment=&#8221;scroll&#8221; rt_bg_video_format=&#8221;self-hosted&#8221;][vc_column rt_wrp_col_paddings=&#8221;false&#8221; rt_border_top=&#8221;&#8221; rt_border_bottom=&#8221;&#8221; rt_border_left=&#8221;&#8221; rt_border_right=&#8221;&#8221; rt_border_top_mobile=&#8221;&#8221; rt_border_bottom_mobile=&#8221;&#8221; rt_border_left_mobile=&#8221;&#8221; rt_border_right_mobile=&#8221;&#8221; rt_bg_image_repeat=&#8221;repeat&#8221; rt_bg_size=&#8221;auto auto&#8221; rt_bg_position=&#8221;right top&#8221; rt_bg_attachment=&#8221;scroll&#8221;]\n<div id=\"blog-dynamicID-908468\" class=\"blog_list clearfix border_grid fixed_heights\" data-column-width=\"3\">\n<div class=\"row clearfix\">\n<div class=\"col col-sm-4\">\n \n\n<!-- blog box-->\n<article class=\"loop post-6619 post type-post status-publish format-standard has-post-thumbnail hentry category-standard-posts-en\" id=\"post-6619\">\n\t\t\n\t\n\t\n\t<figure class=\"featured_image featured_media\">\n\n\t\t\n\t\t\t\t<a id=\"lightbox-823093\" class=\"imgeffect zoom lightbox_ featured_image\" data-group=\"image_3298\" title=\"Enlarge Image\" data-title=\"ALBANIA\" data-sub-html=\"#lightbox-823093-description\" data-thumbnail=\"https:\/\/www.cavomit.gr\/wp-content\/uploads\/2023\/09\/Albania.Flag-250X180-75x50.jpg\" data-thumbTooltip=\"\" data-scaleUp=\"\" data-href=\"\" data-width=\"\" data-height=\"\" data-flashHasPriority=\"\" data-poster=\"\" data-autoplay=\"\" data-audiotitle=\"\" data-html=\"\" href=\"https:\/\/www.cavomit.gr\/wp-content\/uploads\/2023\/09\/Albania.Flag-250X180.jpg\" ><img decoding=\"async\" src=\"https:\/\/www.cavomit.gr\/wp-content\/uploads\/2023\/09\/Albania.Flag-250X180.jpg\" alt=\"\" class=\"\" \/><\/a>\r\n\t\t\t<div class=\"lighbox-description hidden\" id=\"lightbox-823093-description\">\r\n\t\t\t\t<strong>ALBANIA<\/strong><br>\r\n\t\t\t\t\r\n\t\t\t<\/div>\t\t\t\t<span class=\"format-icon icon-pencil\"><\/span>\n\n\t\t\t\n\t<\/figure> \n\t\n\n\t<div class=\"date\"><a href=\"https:\/\/www.cavomit.gr\/en\/albania\/\">September 14, 2023<\/a><\/div> \n\t<div class=\"text entry-content\">\n\n\t\t<!-- blog headline-->\n\t\t<h2 class=\"entry-title\"><a href=\"https:\/\/www.cavomit.gr\/en\/albania\/\" rel=\"bookmark\">ALBANIA<\/a><\/h2> \n\t\t\t\n\n\t\t<p>[vc_row rt_row_background_width=&#8221;default&#8221; rt_row_style=&#8221;default-style&#8221; rt_row_borders=&#8221;&#8221; rt_row_paddings=&#8221;true&#8221; rt_bg_effect=&#8221;classic&#8221; rt_bg_image_repeat=&#8221;repeat&#8221; rt_bg_size=&#8221;cover&#8221; rt_bg_position=&#8221;right top&#8221; rt_bg_attachment=&#8221;scroll&#8221; rt_bg_video_format=&#8221;self-hosted&#8221;][vc_column rt_wrp_col_paddings=&#8221;false&#8221; rt_border_top=&#8221;&#8221; rt_border_bottom=&#8221;&#8221; rt_border_left=&#8221;&#8221; rt_border_right=&#8221;&#8221; rt_border_top_mobile=&#8221;&#8221; rt_border_bottom_mobile=&#8221;&#8221; rt_border_left_mobile=&#8221;&#8221; rt_border_right_mobile=&#8221;&#8221; rt_bg_image_repeat=&#8221;repeat&#8221; rt_bg_size=&#8221;auto auto&#8221; rt_bg_position=&#8221;right top&#8221; rt_bg_attachment=&#8221;scroll&#8221;][vc_column_text] ADEL PRINT &#8211; Arian Ilar, Security Printing, Tirana 2006 ADEL PRINT is a fast-growing privately owned security and commercial printing house based in Tirana, specializing in printing jobs [&hellip;]<\/p>\n\n\t\t\t\t<!-- meta data -->\r\n\t\t<div class=\"post_data\">\r\n\r\n\t\t\t\t\t\t<!-- user -->\r\n\t\t\t<span class=\"icon-user user margin-right20\"><a href=\"https:\/\/www.cavomit.gr\/en\/author\/paroukatos\/\" title=\"Posts by paroukatos\" rel=\"author\">paroukatos<\/a><\/span>\r\n\t\t\t\r\n\t\t\t\t\t\t<!-- categories -->\r\n\t\t\t<span class=\"icon-flow-cascade categories\"><a href=\"https:\/\/www.cavomit.gr\/en\/category\/standard-posts-en\/\" rel=\"category tag\">Standard Posts<\/a><\/span>\r\n\t\t\t\r\n\t\t\t\r\n\t\t\t\r\n\t\t<\/div><!-- \/ end div  .post_data -->\r\n\t\n\t<\/div> \n\n<\/article> \n<!-- \/ blog box-->\n<\/div>\n<div class=\"col col-sm-4\">\n \n\n<!-- blog box-->\n<article class=\"loop post-6676 post type-post status-publish format-standard has-post-thumbnail hentry category-standard-posts-en\" id=\"post-6676\">\n\t\t\n\t\n\t\n\t<figure class=\"featured_image featured_media\">\n\n\t\t\n\t\t\t\t<a id=\"lightbox-492305\" class=\"imgeffect zoom lightbox_ featured_image\" data-group=\"image_4713\" title=\"Enlarge Image\" data-title=\"ALGERIA\" data-sub-html=\"#lightbox-492305-description\" data-thumbnail=\"https:\/\/www.cavomit.gr\/wp-content\/uploads\/2023\/09\/Algeria.Flag_.-250X180-75x50.jpg\" data-thumbTooltip=\"\" data-scaleUp=\"\" data-href=\"\" data-width=\"\" data-height=\"\" data-flashHasPriority=\"\" data-poster=\"\" data-autoplay=\"\" data-audiotitle=\"\" data-html=\"\" href=\"https:\/\/www.cavomit.gr\/wp-content\/uploads\/2023\/09\/Algeria.Flag_.-250X180.jpg\" ><img decoding=\"async\" src=\"https:\/\/www.cavomit.gr\/wp-content\/uploads\/2023\/09\/Algeria.Flag_.-250X180.jpg\" alt=\"\" class=\"\" \/><\/a>\r\n\t\t\t<div class=\"lighbox-description hidden\" id=\"lightbox-492305-description\">\r\n\t\t\t\t<strong>ALGERIA<\/strong><br>\r\n\t\t\t\t\r\n\t\t\t<\/div>\t\t\t\t<span class=\"format-icon icon-pencil\"><\/span>\n\n\t\t\t\n\t<\/figure> \n\t\n\n\t<div class=\"date\"><a href=\"https:\/\/www.cavomit.gr\/en\/algeria\/\">September 15, 2023<\/a><\/div> \n\t<div class=\"text entry-content\">\n\n\t\t<!-- blog headline-->\n\t\t<h2 class=\"entry-title\"><a href=\"https:\/\/www.cavomit.gr\/en\/algeria\/\" rel=\"bookmark\">ALGERIA<\/a><\/h2> \n\t\t\t\n\n\t\t<p>BANQUE d&#8217; ALGERIE, Security Printing, Algiers 2003 BANQUE d&#8217; ALGERIE decided in 2003 to accquire one of the early models of the CAVOMIT HOLO STAMPER tabletop ot-stamping &amp; hologram registration unit suitable for the authentication at the point-of-issue of certifications with the use of hot-stamped OVDs.<\/p>\n\n\t\t\t\t<!-- meta data -->\r\n\t\t<div class=\"post_data\">\r\n\r\n\t\t\t\t\t\t<!-- user -->\r\n\t\t\t<span class=\"icon-user user margin-right20\"><a href=\"https:\/\/www.cavomit.gr\/en\/author\/paroukatos\/\" title=\"Posts by paroukatos\" rel=\"author\">paroukatos<\/a><\/span>\r\n\t\t\t\r\n\t\t\t\t\t\t<!-- categories -->\r\n\t\t\t<span class=\"icon-flow-cascade categories\"><a href=\"https:\/\/www.cavomit.gr\/en\/category\/standard-posts-en\/\" rel=\"category tag\">Standard Posts<\/a><\/span>\r\n\t\t\t\r\n\t\t\t\r\n\t\t\t\r\n\t\t<\/div><!-- \/ end div  .post_data -->\r\n\t\n\t<\/div> \n\n<\/article> \n<!-- \/ blog box-->\n<\/div>\n<div class=\"col col-sm-4\">\n \n\n<!-- blog box-->\n<article class=\"loop post-6678 post type-post status-publish format-standard has-post-thumbnail hentry category-standard-posts-en\" id=\"post-6678\">\n\t\t\n\t\n\t\n\t<figure class=\"featured_image featured_media\">\n\n\t\t\n\t\t\t\t<a id=\"lightbox-564266\" class=\"imgeffect zoom lightbox_ featured_image\" data-group=\"image_3302\" title=\"Enlarge Image\" data-title=\"ARGENTINA\" data-sub-html=\"#lightbox-564266-description\" data-thumbnail=\"https:\/\/www.cavomit.gr\/wp-content\/uploads\/2023\/09\/Argentina.Flag-250X180-75x50.jpg\" data-thumbTooltip=\"\" data-scaleUp=\"\" data-href=\"\" data-width=\"\" data-height=\"\" data-flashHasPriority=\"\" data-poster=\"\" data-autoplay=\"\" data-audiotitle=\"\" data-html=\"\" href=\"https:\/\/www.cavomit.gr\/wp-content\/uploads\/2023\/09\/Argentina.Flag-250X180.jpg\" ><img decoding=\"async\" src=\"https:\/\/www.cavomit.gr\/wp-content\/uploads\/2023\/09\/Argentina.Flag-250X180.jpg\" alt=\"\" class=\"\" \/><\/a>\r\n\t\t\t<div class=\"lighbox-description hidden\" id=\"lightbox-564266-description\">\r\n\t\t\t\t<strong>ARGENTINA<\/strong><br>\r\n\t\t\t\t\r\n\t\t\t<\/div>\t\t\t\t<span class=\"format-icon icon-pencil\"><\/span>\n\n\t\t\t\n\t<\/figure> \n\t\n\n\t<div class=\"date\"><a href=\"https:\/\/www.cavomit.gr\/en\/argentina\/\">September 15, 2023<\/a><\/div> \n\t<div class=\"text entry-content\">\n\n\t\t<!-- blog headline-->\n\t\t<h2 class=\"entry-title\"><a href=\"https:\/\/www.cavomit.gr\/en\/argentina\/\" rel=\"bookmark\">ARGENTINA<\/a><\/h2> \n\t\t\t\n\n\t\t<p>RDS S.A., Security printing, Buenos Aires 2012, 2013 The company RDS S.A. decided in 2012 to accquire three CAVOMIT HOLO STAMPER hot-stamping and hologram registration unit suitable for the authentication at the point-of-issue of certifications with the use of hot-stamped OVDs. One year later they accquired two more units. EUROCALCOGRAFICA, Security printing and system, 2015 [&hellip;]<\/p>\n\n\t\t\t\t<!-- meta data -->\r\n\t\t<div class=\"post_data\">\r\n\r\n\t\t\t\t\t\t<!-- user -->\r\n\t\t\t<span class=\"icon-user user margin-right20\"><a href=\"https:\/\/www.cavomit.gr\/en\/author\/paroukatos\/\" title=\"Posts by paroukatos\" rel=\"author\">paroukatos<\/a><\/span>\r\n\t\t\t\r\n\t\t\t\t\t\t<!-- categories -->\r\n\t\t\t<span class=\"icon-flow-cascade categories\"><a href=\"https:\/\/www.cavomit.gr\/en\/category\/standard-posts-en\/\" rel=\"category tag\">Standard Posts<\/a><\/span>\r\n\t\t\t\r\n\t\t\t\r\n\t\t\t\r\n\t\t<\/div><!-- \/ end div  .post_data -->\r\n\t\n\t<\/div> \n\n<\/article> \n<!-- \/ blog box-->\n<\/div>\n<\/div>\n<div class=\"row clearfix\">\n<div class=\"col col-sm-4\">\n \n\n<!-- blog box-->\n<article class=\"loop post-6686 post type-post status-publish format-standard has-post-thumbnail hentry category-standard-posts-en\" id=\"post-6686\">\n\t\t\n\t\n\t\n\t<figure class=\"featured_image featured_media\">\n\n\t\t\n\t\t\t\t<a id=\"lightbox-967223\" class=\"imgeffect zoom lightbox_ featured_image\" data-group=\"image_4597\" title=\"Enlarge Image\" data-title=\"BOSNIA\" data-sub-html=\"#lightbox-967223-description\" data-thumbnail=\"https:\/\/www.cavomit.gr\/wp-content\/uploads\/2023\/10\/Bosnia.Flag-250X180-75x50.jpg\" data-thumbTooltip=\"\" data-scaleUp=\"\" data-href=\"\" data-width=\"\" data-height=\"\" data-flashHasPriority=\"\" data-poster=\"\" data-autoplay=\"\" data-audiotitle=\"\" data-html=\"\" href=\"https:\/\/www.cavomit.gr\/wp-content\/uploads\/2023\/10\/Bosnia.Flag-250X180.jpg\" ><img decoding=\"async\" src=\"https:\/\/www.cavomit.gr\/wp-content\/uploads\/2023\/10\/Bosnia.Flag-250X180.jpg\" alt=\"\" class=\"\" \/><\/a>\r\n\t\t\t<div class=\"lighbox-description hidden\" id=\"lightbox-967223-description\">\r\n\t\t\t\t<strong>BOSNIA<\/strong><br>\r\n\t\t\t\t\r\n\t\t\t<\/div>\t\t\t\t<span class=\"format-icon icon-pencil\"><\/span>\n\n\t\t\t\n\t<\/figure> \n\t\n\n\t<div class=\"date\"><a href=\"https:\/\/www.cavomit.gr\/en\/bosnia-2\/\">October 2, 2023<\/a><\/div> \n\t<div class=\"text entry-content\">\n\n\t\t<!-- blog headline-->\n\t\t<h2 class=\"entry-title\"><a href=\"https:\/\/www.cavomit.gr\/en\/bosnia-2\/\" rel=\"bookmark\">BOSNIA<\/a><\/h2> \n\t\t\t\n\n\t\t<p>BLICDROOK D.O.O. BLICDROOK is a private printing house in Sarajevo that for twenty years continuously and reliably supplies its clients with various graphic products. In 2018 they placed their confidence in a CAVOMIT HOLO STAMPER table-top hot- stamp\u0131ng and hologram reg\u0131strat\u0131on un\u0131ts su\u0131table f\u0131r the authent\u0131cat\u0131on at the po\u0131nt-of- \u0131ssue of cert\u0131f\u0131cat\u0131ons w\u0131th the \u0131ssue [&hellip;]<\/p>\n\n\t\t\t\t<!-- meta data -->\r\n\t\t<div class=\"post_data\">\r\n\r\n\t\t\t\t\t\t<!-- user -->\r\n\t\t\t<span class=\"icon-user user margin-right20\"><a href=\"https:\/\/www.cavomit.gr\/en\/author\/cavomit\/\" title=\"Posts by cavomit\" rel=\"author\">cavomit<\/a><\/span>\r\n\t\t\t\r\n\t\t\t\t\t\t<!-- categories -->\r\n\t\t\t<span class=\"icon-flow-cascade categories\"><a href=\"https:\/\/www.cavomit.gr\/en\/category\/standard-posts-en\/\" rel=\"category tag\">Standard Posts<\/a><\/span>\r\n\t\t\t\r\n\t\t\t\r\n\t\t\t\r\n\t\t<\/div><!-- \/ end div  .post_data -->\r\n\t\n\t<\/div> \n\n<\/article> \n<!-- \/ blog box-->\n<\/div>\n<div class=\"col col-sm-4\">\n \n\n<!-- blog box-->\n<article class=\"loop post-6690 post type-post status-publish format-standard has-post-thumbnail hentry category-standard-posts-en\" id=\"post-6690\">\n\t\t\n\t\n\t\n\t<figure class=\"featured_image featured_media\">\n\n\t\t\n\t\t\t\t<a id=\"lightbox-806861\" class=\"imgeffect zoom lightbox_ featured_image\" data-group=\"image_4716\" title=\"Enlarge Image\" data-title=\"BAHRAIN\" data-sub-html=\"#lightbox-806861-description\" data-thumbnail=\"https:\/\/www.cavomit.gr\/wp-content\/uploads\/2023\/10\/Bahrain.Flag_.-250X180-75x50.jpg\" data-thumbTooltip=\"\" data-scaleUp=\"\" data-href=\"\" data-width=\"\" data-height=\"\" data-flashHasPriority=\"\" data-poster=\"\" data-autoplay=\"\" data-audiotitle=\"\" data-html=\"\" href=\"https:\/\/www.cavomit.gr\/wp-content\/uploads\/2023\/10\/Bahrain.Flag_.-250X180.jpg\" ><img decoding=\"async\" src=\"https:\/\/www.cavomit.gr\/wp-content\/uploads\/2023\/10\/Bahrain.Flag_.-250X180.jpg\" alt=\"\" class=\"\" \/><\/a>\r\n\t\t\t<div class=\"lighbox-description hidden\" id=\"lightbox-806861-description\">\r\n\t\t\t\t<strong>BAHRAIN<\/strong><br>\r\n\t\t\t\t\r\n\t\t\t<\/div>\t\t\t\t<span class=\"format-icon icon-pencil\"><\/span>\n\n\t\t\t\n\t<\/figure> \n\t\n\n\t<div class=\"date\"><a href=\"https:\/\/www.cavomit.gr\/en\/bahrain\/\">October 2, 2023<\/a><\/div> \n\t<div class=\"text entry-content\">\n\n\t\t<!-- blog headline-->\n\t\t<h2 class=\"entry-title\"><a href=\"https:\/\/www.cavomit.gr\/en\/bahrain\/\" rel=\"bookmark\">BAHRAIN<\/a><\/h2> \n\t\t\t\n\n\t\t<p>SECURITY PRINTING HOUSE (1) SECURITY PRINTING HOUSE (2) ARABIAN IMPRESSIONS DESIGN &amp; PUBLIC RELATIONS W.L.L., Printing house, Manama 2013 The company acquired a CAVOMIT HOLO CYLINDER HEIDELBERG 46X58.5, a CAVOMIT foil reeling &amp; slitting machine RO-80 and a CAVOMIT thermography machine TMM-30.<\/p>\n\n\t\t\t\t<!-- meta data -->\r\n\t\t<div class=\"post_data\">\r\n\r\n\t\t\t\t\t\t<!-- user -->\r\n\t\t\t<span class=\"icon-user user margin-right20\"><a href=\"https:\/\/www.cavomit.gr\/en\/author\/cavomit\/\" title=\"Posts by cavomit\" rel=\"author\">cavomit<\/a><\/span>\r\n\t\t\t\r\n\t\t\t\t\t\t<!-- categories -->\r\n\t\t\t<span class=\"icon-flow-cascade categories\"><a href=\"https:\/\/www.cavomit.gr\/en\/category\/standard-posts-en\/\" rel=\"category tag\">Standard Posts<\/a><\/span>\r\n\t\t\t\r\n\t\t\t\r\n\t\t\t\r\n\t\t<\/div><!-- \/ end div  .post_data -->\r\n\t\n\t<\/div> \n\n<\/article> \n<!-- \/ blog box-->\n<\/div>\n<div class=\"col col-sm-4\">\n \n\n<!-- blog box-->\n<article class=\"loop post-6694 post type-post status-publish format-standard has-post-thumbnail hentry category-standard-posts-en\" id=\"post-6694\">\n\t\t\n\t\n\t\n\t<figure class=\"featured_image featured_media\">\n\n\t\t\n\t\t\t\t<a id=\"lightbox-349886\" class=\"imgeffect zoom lightbox_ featured_image\" data-group=\"image_4645\" title=\"Enlarge Image\" data-title=\"BANGLADESH\" data-sub-html=\"#lightbox-349886-description\" data-thumbnail=\"https:\/\/www.cavomit.gr\/wp-content\/uploads\/2023\/10\/Bangladesh.Flag-250X180-75x50.jpg\" data-thumbTooltip=\"\" data-scaleUp=\"\" data-href=\"\" data-width=\"\" data-height=\"\" data-flashHasPriority=\"\" data-poster=\"\" data-autoplay=\"\" data-audiotitle=\"\" data-html=\"\" href=\"https:\/\/www.cavomit.gr\/wp-content\/uploads\/2023\/10\/Bangladesh.Flag-250X180.jpg\" ><img decoding=\"async\" src=\"https:\/\/www.cavomit.gr\/wp-content\/uploads\/2023\/10\/Bangladesh.Flag-250X180.jpg\" alt=\"\" class=\"\" \/><\/a>\r\n\t\t\t<div class=\"lighbox-description hidden\" id=\"lightbox-349886-description\">\r\n\t\t\t\t<strong>BANGLADESH<\/strong><br>\r\n\t\t\t\t\r\n\t\t\t<\/div>\t\t\t\t<span class=\"format-icon icon-pencil\"><\/span>\n\n\t\t\t\n\t<\/figure> \n\t\n\n\t<div class=\"date\"><a href=\"https:\/\/www.cavomit.gr\/en\/bangladesh\/\">October 2, 2023<\/a><\/div> \n\t<div class=\"text entry-content\">\n\n\t\t<!-- blog headline-->\n\t\t<h2 class=\"entry-title\"><a href=\"https:\/\/www.cavomit.gr\/en\/bangladesh\/\" rel=\"bookmark\">BANGLADESH<\/a><\/h2> \n\t\t\t\n\n\t\t<p>SECURITY PRINTING CORPORATION, Security printing, Dhaka 2003 Security Printing Corporation (Bangladesh) is the official State printworks for secure printing of banknotes, personal identification documents, lotteries and other valuable documents. As part of an international tender awarded to the British company OPTAGLIO for the supply of turn-key foiling equipment and consumables for a specified period of [&hellip;]<\/p>\n\n\t\t\t\t<!-- meta data -->\r\n\t\t<div class=\"post_data\">\r\n\r\n\t\t\t\t\t\t<!-- user -->\r\n\t\t\t<span class=\"icon-user user margin-right20\"><a href=\"https:\/\/www.cavomit.gr\/en\/author\/cavomit\/\" title=\"Posts by cavomit\" rel=\"author\">cavomit<\/a><\/span>\r\n\t\t\t\r\n\t\t\t\t\t\t<!-- categories -->\r\n\t\t\t<span class=\"icon-flow-cascade categories\"><a href=\"https:\/\/www.cavomit.gr\/en\/category\/standard-posts-en\/\" rel=\"category tag\">Standard Posts<\/a><\/span>\r\n\t\t\t\r\n\t\t\t\r\n\t\t\t\r\n\t\t<\/div><!-- \/ end div  .post_data -->\r\n\t\n\t<\/div> \n\n<\/article> \n<!-- \/ blog box-->\n<\/div>\n<\/div>\n<\/div>\n<div class=\"paging_wrapper margin-t30 margin-b30\"><ul class='page-numbers'>\n\t<li><span aria-label=\"Page 1\" aria-current=\"page\" class=\"page-numbers current\">1<\/span><\/li>\n\t<li><a aria-label=\"Page 2\" class=\"page-numbers\" href=\"https:\/\/www.cavomit.gr\/en\/wp-json\/wp\/v2\/pages\/6525\/page\/2\/\">2<\/a><\/li>\n\t<li><a aria-label=\"Page 3\" class=\"page-numbers\" href=\"https:\/\/www.cavomit.gr\/en\/wp-json\/wp\/v2\/pages\/6525\/page\/3\/\">3<\/a><\/li>\n\t<li><span class=\"page-numbers dots\">&hellip;<\/span><\/li>\n\t<li><a aria-label=\"Page 8\" class=\"page-numbers\" href=\"https:\/\/www.cavomit.gr\/en\/wp-json\/wp\/v2\/pages\/6525\/page\/8\/\">8<\/a><\/li>\n\t<li><a class=\"next page-numbers\" href=\"https:\/\/www.cavomit.gr\/en\/wp-json\/wp\/v2\/pages\/6525\/page\/2\/\"><span class=\"icon-angle-right\"><\/span><\/a><\/li>\n<\/ul>\n<\/div>[\/vc_column][\/vc_row]<\/p>\n","protected":false},"excerpt":{"rendered":"<p>[vc_row rt_row_background_width=&#8221;default&#8221; rt_row_style=&#8221;default-style&#8221; rt_row_borders=&#8221;&#8221; rt_overlap=&#8221;true&#8221; rt_row_paddings=&#8221;true&#8221; id=&#8221;case-studies&#8221; rt_bg_effect=&#8221;classic&#8221; rt_bg_image_repeat=&#8221;repeat&#8221; rt_bg_size=&#8221;cover&#8221; rt_bg_position=&#8221;right top&#8221; rt_bg_attachment=&#8221;scroll&#8221; rt_bg_video_format=&#8221;self-hosted&#8221;][vc_column rt_wrp_col_paddings=&#8221;false&#8221; rt_border_top=&#8221;&#8221; rt_border_bottom=&#8221;&#8221; rt_border_left=&#8221;&#8221; rt_border_right=&#8221;&#8221; rt_border_top_mobile=&#8221;&#8221; rt_border_bottom_mobile=&#8221;&#8221; rt_border_left_mobile=&#8221;&#8221; rt_border_right_mobile=&#8221;&#8221; rt_bg_image_repeat=&#8221;repeat&#8221; rt_bg_size=&#8221;auto auto&#8221; rt_bg_position=&#8221;right top&#8221; rt_bg_attachment=&#8221;scroll&#8221;][\/vc_column][\/vc_row]<\/p>\n","protected":false},"author":1,"featured_media":0,"parent":0,"menu_order":0,"comment_status":"open","ping_status":"open","template":"","meta":{"footnotes":""},"class_list":["post-6525","page","type-page","status-publish","hentry"],"_links":{"self":[{"href":"https:\/\/www.cavomit.gr\/en\/wp-json\/wp\/v2\/pages\/6525","targetHints":{"allow":["GET"]}}],"collection":[{"href":"https:\/\/www.cavomit.gr\/en\/wp-json\/wp\/v2\/pages"}],"about":[{"href":"https:\/\/www.cavomit.gr\/en\/wp-json\/wp\/v2\/types\/page"}],"author":[{"embeddable":true,"href":"https:\/\/www.cavomit.gr\/en\/wp-json\/wp\/v2\/users\/1"}],"replies":[{"embeddable":true,"href":"https:\/\/www.cavomit.gr\/en\/wp-json\/wp\/v2\/comments?post=6525"}],"version-history":[{"count":0,"href":"https:\/\/www.cavomit.gr\/en\/wp-json\/wp\/v2\/pages\/6525\/revisions"}],"wp:attachment":[{"href":"https:\/\/www.cavomit.gr\/en\/wp-json\/wp\/v2\/media?parent=6525"}],"curies":[{"name":"wp","href":"https:\/\/api.w.org\/{rel}","templated":true}]}}