{"id":6517,"date":"2023-09-14T14:04:26","date_gmt":"2023-09-14T14:04:26","guid":{"rendered":"https:\/\/www.cavomit.gr\/countries\/"},"modified":"2025-01-26T10:47:38","modified_gmt":"2025-01-26T10:47:38","slug":"countries","status":"publish","type":"page","link":"https:\/\/www.cavomit.gr\/tr\/countries\/","title":{"rendered":"Countries"},"content":{"rendered":"<p>[vc_row rt_row_background_width=&#8221;fullwidth&#8221; rt_row_content_width=&#8221;default&#8221; rt_row_style=&#8221;alt-style-2&#8243; rt_row_borders=&#8221;&#8221; rt_row_paddings=&#8221;true&#8221; id=&#8221;countries-header&#8221; rt_bg_effect=&#8221;parallax&#8221; rt_bg_parallax_effect=&#8221;1&#8243; rt_bg_image_repeat=&#8221;no-repeat&#8221; rt_bg_size=&#8221;cover&#8221; rt_bg_position=&#8221;right top&#8221; rt_bg_video_format=&#8221;self-hosted&#8221; rt_padding_top=&#8221;100&#8243; rt_padding_bottom=&#8221;140&#8243;][vc_column rt_wrp_col_paddings=&#8221;false&#8221; rt_border_top=&#8221;&#8221; rt_border_bottom=&#8221;&#8221; rt_border_left=&#8221;&#8221; rt_border_right=&#8221;&#8221; rt_border_top_mobile=&#8221;&#8221; rt_border_bottom_mobile=&#8221;&#8221; rt_border_left_mobile=&#8221;&#8221; rt_border_right_mobile=&#8221;&#8221; rt_bg_image_repeat=&#8221;repeat&#8221; rt_bg_size=&#8221;auto auto&#8221; rt_bg_position=&#8221;right top&#8221; rt_bg_attachment=&#8221;scroll&#8221;]<div class=\"rt_heading_wrapper style-4\">\n\t\t\t\t\t\t<h1 class=\"rt_heading  style-4\" >M\u00dc\u015eTER\u0130LER\u0130M\u0130Z<\/h1>\n\t\t\t\t\t<\/div>[vc_column_text]<\/p>\n<p style=\"text-align: center;\"><strong>CAVOMIT<\/strong> makineleri, 1990 y\u0131l\u0131ndan bu yana yerel acenteler ve teknik destek birimleri a\u011f\u0131 arac\u0131l\u0131\u011f\u0131yla uluslararas\u0131 pazarda mevcuttur. Bu t\u00fcr sistemler g\u00fcn\u00fcm\u00fczde faaliyet g\u00f6stermektedir.<\/p>\n<p>[\/vc_column_text][\/vc_column][\/vc_row][vc_row rt_row_background_width=&#8221;fullwidth&#8221; rt_row_content_width=&#8221;default&#8221; rt_row_style=&#8221;default-style&#8221; rt_row_borders=&#8221;&#8221; rt_overlap=&#8221;true&#8221; rt_row_paddings=&#8221;true&#8221; id=&#8221;countries-list&#8221; rt_bg_effect=&#8221;classic&#8221; rt_bg_image_repeat=&#8221;repeat&#8221; rt_bg_size=&#8221;cover&#8221; rt_bg_position=&#8221;right top&#8221; rt_bg_attachment=&#8221;scroll&#8221; rt_bg_video_format=&#8221;self-hosted&#8221;][vc_column width=&#8221;1\/6&#8243; rt_wrp_col_paddings=&#8221;false&#8221; rt_border_top=&#8221;&#8221; rt_border_bottom=&#8221;&#8221; rt_border_left=&#8221;&#8221; rt_border_right=&#8221;&#8221; rt_border_top_mobile=&#8221;&#8221; rt_border_bottom_mobile=&#8221;&#8221; rt_border_left_mobile=&#8221;&#8221; rt_border_right_mobile=&#8221;&#8221; rt_bg_image_repeat=&#8221;repeat&#8221; rt_bg_size=&#8221;auto auto&#8221; rt_bg_position=&#8221;right top&#8221; rt_bg_attachment=&#8221;scroll&#8221;][\/vc_column][vc_column width=&#8221;2\/3&#8243; rt_wrp_col_paddings=&#8221;false&#8221; rt_border_top=&#8221;&#8221; rt_border_bottom=&#8221;&#8221; rt_border_left=&#8221;&#8221; rt_border_right=&#8221;&#8221; rt_border_top_mobile=&#8221;&#8221; rt_border_bottom_mobile=&#8221;&#8221; rt_border_left_mobile=&#8221;&#8221; rt_border_right_mobile=&#8221;&#8221; rt_bg_image_repeat=&#8221;repeat&#8221; rt_bg_size=&#8221;auto auto&#8221; rt_bg_position=&#8221;right top&#8221; rt_bg_attachment=&#8221;scroll&#8221;]\t \n\t\t<div id=\"list\" class=\"with_icons style-1 \">\n\t\t\t \n\t\t<div  >\n\t\t<span class=\"icon-globe-1 icon\"><\/span><div class=\"list-content\"><p><a href=\"https:\/\/www.cavomit.gr\/tr\/albania\/\">ALBANIA<\/a><\/p>\n<\/div>\n\t\t<\/div>\n\t\t \n\t\t<div  >\n\t\t<span class=\"icon-globe-1 icon\"><\/span><div class=\"list-content\"><p><a href=\"https:\/\/www.cavomit.gr\/tr\/algeria\/\">ALGERIA<\/a><\/p>\n<\/div>\n\t\t<\/div>\n\t\t \n\t\t<div  >\n\t\t<span class=\"icon-globe-1 icon\"><\/span><div class=\"list-content\"><p><a href=\"https:\/\/www.cavomit.gr\/tr\/argentina\/\">ARGENTINA<\/a><\/p>\n<\/div>\n\t\t<\/div>\n\t\t \n\t\t<div  >\n\t\t<span class=\"icon-globe-1 icon\"><\/span><div class=\"list-content\"><p><a href=\"https:\/\/www.cavomit.gr\/tr\/bahrain\/\">BAHRAIN<\/a><\/p>\n<\/div>\n\t\t<\/div>\n\t\t \n\t\t<div  >\n\t\t<span class=\"icon-globe-1 icon\"><\/span><div class=\"list-content\"><p><a href=\"https:\/\/www.cavomit.gr\/tr\/bangladesh\/\">BANGLADESH<\/a><\/p>\n<\/div>\n\t\t<\/div>\n\t\t \n\t\t<div  >\n\t\t<span class=\"icon-globe-1 icon\"><\/span><div class=\"list-content\"><p><a href=\"https:\/\/www.cavomit.gr\/tr\/belarus\/\">BELARUS<\/a><\/p>\n<\/div>\n\t\t<\/div>\n\t\t \n\t\t<div  >\n\t\t<span class=\"icon-globe-1 icon\"><\/span><div class=\"list-content\"><p><a href=\"https:\/\/www.cavomit.gr\/tr\/belgium\/\">BELGIUM<\/a><\/p>\n<\/div>\n\t\t<\/div>\n\t\t \n\t\t<div  >\n\t\t<span class=\"icon-globe-1 icon\"><\/span><div class=\"list-content\"><p><a href=\"https:\/\/www.cavomit.gr\/tr\/benin\/\">BENIN<\/a><\/p>\n<\/div>\n\t\t<\/div>\n\t\t \n\t\t<div  >\n\t\t<span class=\"icon-globe-1 icon\"><\/span><div class=\"list-content\"><p><a href=\"https:\/\/www.cavomit.gr\/tr\/bosnia-2\/\">BOSNIA<\/a><\/p>\n<\/div>\n\t\t<\/div>\n\t\t \n\t\t<div  >\n\t\t<span class=\"icon-globe-1 icon\"><\/span><div class=\"list-content\"><p><a href=\"https:\/\/www.cavomit.gr\/tr\/bulgaria\/\">BULGARIA<\/a><\/p>\n<\/div>\n\t\t<\/div>\n\t\t \n\t\t<div  >\n\t\t<span class=\"icon-globe-1 icon\"><\/span><div class=\"list-content\"><p><a href=\"https:\/\/www.cavomit.gr\/tr\/croatia\/\">CROATIA<\/a><\/p>\n<\/div>\n\t\t<\/div>\n\t\t \n\t\t<div  >\n\t\t<span class=\"icon-globe-1 icon\"><\/span><div class=\"list-content\"><p><a href=\"https:\/\/www.cavomit.gr\/tr\/cyprus\/\">CYPRUS<\/a><\/p>\n<\/div>\n\t\t<\/div>\n\t\t \n\t\t<div  >\n\t\t<span class=\"icon-globe-1 icon\"><\/span><div class=\"list-content\"><p><a href=\"https:\/\/www.cavomit.gr\/czech-republic\/\">CZECH REPUBLIC<\/a><\/p>\n<\/div>\n\t\t<\/div>\n\t\t \n\t\t<div  >\n\t\t<span class=\"icon-globe-1 icon\"><\/span><div class=\"list-content\"><p><a href=\"https:\/\/www.cavomit.gr\/tr\/egypt\/\">EGYPT<\/a><\/p>\n<\/div>\n\t\t<\/div>\n\t\t \n\t\t<div  >\n\t\t<span class=\"icon-globe-1 icon\"><\/span><div class=\"list-content\"><p><a href=\"https:\/\/www.cavomit.gr\/tr\/finland\/\">FINLAND<\/a><\/p>\n<\/div>\n\t\t<\/div>\n\t\t \n\t\t<div  >\n\t\t<span class=\"icon-globe-1 icon\"><\/span><div class=\"list-content\"><p><a href=\"https:\/\/www.cavomit.gr\/tr\/france\/\">FRANCE<\/a><\/p>\n<\/div>\n\t\t<\/div>\n\t\t \n\t\t<div  >\n\t\t<span class=\"icon-globe-1 icon\"><\/span><div class=\"list-content\"><p><a href=\"https:\/\/www.cavomit.gr\/tr\/germany\/\">GERMANY<\/a><\/p>\n<\/div>\n\t\t<\/div>\n\t\t \n\t\t<div  >\n\t\t<span class=\"icon-globe-1 icon\"><\/span><div class=\"list-content\"><p><a href=\"https:\/\/www.cavomit.gr\/tr\/ghana\/\">GHANA<\/a><\/p>\n<\/div>\n\t\t<\/div>\n\t\t \n\t\t<div  >\n\t\t<span class=\"icon-globe-1 icon\"><\/span><div class=\"list-content\"><p>\u0130NG\u0130LTERE<\/p>\n<\/div>\n\t\t<\/div>\n\t\t \n\t\t<div  >\n\t\t<span class=\"icon-globe-1 icon\"><\/span><div class=\"list-content\"><p><a href=\"https:\/\/www.cavomit.gr\/tr\/greece\/\">GREECE<\/a><\/p>\n<\/div>\n\t\t<\/div>\n\t\t \n\t\t<div  >\n\t\t<span class=\"icon-globe-1 icon\"><\/span><div class=\"list-content\"><p><a href=\"https:\/\/www.cavomit.gr\/tr\/india\/\">INDIA<\/a><\/p>\n<\/div>\n\t\t<\/div>\n\t\t \n\t\t<div  >\n\t\t<span class=\"icon-globe-1 icon\"><\/span><div class=\"list-content\"><p><a href=\"https:\/\/www.cavomit.gr\/tr\/indonesia\/\">INDONESIA<\/a><\/p>\n<\/div>\n\t\t<\/div>\n\t\t \n\t\t<div  >\n\t\t<span class=\"icon-globe-1 icon\"><\/span><div class=\"list-content\"><p><a href=\"https:\/\/www.cavomit.gr\/tr\/iran\/\">IRAN<\/a><\/p>\n<\/div>\n\t\t<\/div>\n\t\t \n\t\t<div  >\n\t\t<span class=\"icon-globe-1 icon\"><\/span><div class=\"list-content\"><p><a href=\"https:\/\/www.cavomit.gr\/tr\/iraq\/\">IRAQ<\/a><\/p>\n<\/div>\n\t\t<\/div>\n\t\t \n\t\t<div  >\n\t\t<span class=\"icon-globe-1 icon\"><\/span><div class=\"list-content\"><p><a href=\"https:\/\/www.cavomit.gr\/tr\/italy\/\">ITALY<\/a><\/p>\n<\/div>\n\t\t<\/div>\n\t\t \n\t\t<div  >\n\t\t<span class=\"icon-globe-1 icon\"><\/span><div class=\"list-content\"><p><a href=\"https:\/\/www.cavomit.gr\/tr\/jordan\/\">JORDAN<\/a><\/p>\n<\/div>\n\t\t<\/div>\n\t\t \n\t\t<div  >\n\t\t<span class=\"icon-globe-1 icon\"><\/span><div class=\"list-content\"><p><a href=\"https:\/\/www.cavomit.gr\/tr\/kingdom-of-saudi-arabia\/\">KINGDOM OF SAUDI ARABIA<\/a><\/p>\n<\/div>\n\t\t<\/div>\n\t\t \n\t\t<div  >\n\t\t<span class=\"icon-globe-1 icon\"><\/span><div class=\"list-content\"><p><a href=\"https:\/\/www.cavomit.gr\/kenya-nairobi\/\">KENYA<\/a><\/p>\n<\/div>\n\t\t<\/div>\n\t\t \n\t\t<div  >\n\t\t<span class=\"icon-globe-1 icon\"><\/span><div class=\"list-content\"><p>NAIROBI<\/p>\n<\/div>\n\t\t<\/div>\n\t\t \n\t\t<div  >\n\t\t<span class=\"icon-globe-1 icon\"><\/span><div class=\"list-content\"><p><a href=\"https:\/\/www.cavomit.gr\/tr\/lebanon\/\">LEBANON<\/a><\/p>\n<\/div>\n\t\t<\/div>\n\t\t \n\t\t<div  >\n\t\t<span class=\"icon-globe-1 icon\"><\/span><div class=\"list-content\"><p><a href=\"https:\/\/www.cavomit.gr\/tr\/malaysia-kuala-lampur\/\">MALAYSIA KUALA LAMPUR<\/a><\/p>\n<\/div>\n\t\t<\/div>\n\t\t \n\t\t<div  >\n\t\t<span class=\"icon-globe-1 icon\"><\/span><div class=\"list-content\"><p><a href=\"https:\/\/www.cavomit.gr\/tr\/morocco\/\">MOROCCO<\/a><\/p>\n<\/div>\n\t\t<\/div>\n\t\t \n\t\t<div  >\n\t\t<span class=\"icon-globe-1 icon\"><\/span><div class=\"list-content\"><p><a href=\"https:\/\/www.cavomit.gr\/tr\/moldova\/\">MOLDOVA<\/a><\/p>\n<\/div>\n\t\t<\/div>\n\t\t \n\t\t<div  >\n\t\t<span class=\"icon-globe-1 icon\"><\/span><div class=\"list-content\"><p><a href=\"https:\/\/www.cavomit.gr\/tr\/pakistan\/\">PAKISTAN<\/a><\/p>\n<\/div>\n\t\t<\/div>\n\t\t \n\t\t<div  >\n\t\t<span class=\"icon-globe-1 icon\"><\/span><div class=\"list-content\"><p><a href=\"https:\/\/www.cavomit.gr\/tr\/peru\/\">PERU<\/a><\/p>\n<\/div>\n\t\t<\/div>\n\t\t \n\t\t<div  >\n\t\t<span class=\"icon-globe-1 icon\"><\/span><div class=\"list-content\"><p><a href=\"https:\/\/www.cavomit.gr\/tr\/poland\/\">POLAND<\/a><\/p>\n<\/div>\n\t\t<\/div>\n\t\t \n\t\t<div  >\n\t\t<span class=\"icon-globe-1 icon\"><\/span><div class=\"list-content\"><p><a href=\"https:\/\/www.cavomit.gr\/tr\/portugal\/\">PORTUGAL<\/a><\/p>\n<\/div>\n\t\t<\/div>\n\t\t \n\t\t<div  >\n\t\t<span class=\"icon-globe-1 icon\"><\/span><div class=\"list-content\"><p><a href=\"https:\/\/www.cavomit.gr\/tr\/qatar\/\">QATAR<\/a><\/p>\n<\/div>\n\t\t<\/div>\n\t\t \n\t\t<div  >\n\t\t<span class=\"icon-globe-1 icon\"><\/span><div class=\"list-content\"><p><a href=\"https:\/\/www.cavomit.gr\/romania\/\">ROMANIA<\/a><\/p>\n<\/div>\n\t\t<\/div>\n\t\t \n\t\t<div  >\n\t\t<span class=\"icon-globe-1 icon\"><\/span><div class=\"list-content\"><p><a href=\"https:\/\/www.cavomit.gr\/tr\/russia\/\">RUSSIA<\/a><\/p>\n<\/div>\n\t\t<\/div>\n\t\t \n\t\t<div  >\n\t\t<span class=\"icon-globe-1 icon\"><\/span><div class=\"list-content\"><p><a href=\"https:\/\/www.cavomit.gr\/tr\/serbia\/\">SERBIA<\/a><\/p>\n<\/div>\n\t\t<\/div>\n\t\t \n\t\t<div  >\n\t\t<span class=\"icon-globe-1 icon\"><\/span><div class=\"list-content\"><p><a href=\"https:\/\/www.cavomit.gr\/tr\/slovenia\/\">SLOVENIA<\/a><\/p>\n<\/div>\n\t\t<\/div>\n\t\t \n\t\t<div  >\n\t\t<span class=\"icon-globe-1 icon\"><\/span><div class=\"list-content\"><p><a href=\"https:\/\/www.cavomit.gr\/tr\/spain\/\">SPAIN<\/a><\/p>\n<\/div>\n\t\t<\/div>\n\t\t \n\t\t<div  >\n\t\t<span class=\"icon-globe-1 icon\"><\/span><div class=\"list-content\"><p><a href=\"https:\/\/www.cavomit.gr\/tr\/tanzania\/\">TANZANIA<\/a><\/p>\n<\/div>\n\t\t<\/div>\n\t\t \n\t\t<div  >\n\t\t<span class=\"icon-globe-1 icon\"><\/span><div class=\"list-content\"><p><a href=\"https:\/\/www.cavomit.gr\/tr\/tunisia\/\">TUNISIA<\/a><\/p>\n<\/div>\n\t\t<\/div>\n\t\t \n\t\t<div  >\n\t\t<span class=\"icon-globe-1 icon\"><\/span><div class=\"list-content\"><p><a href=\"https:\/\/www.cavomit.gr\/tr\/turkey\/\">TURKEY<\/a><\/p>\n<\/div>\n\t\t<\/div>\n\t\t \n\t\t<div  >\n\t\t<span class=\"icon-globe-1 icon\"><\/span><div class=\"list-content\"><p><a href=\"https:\/\/www.cavomit.gr\/tr\/ukraine\/\">UKRAINA<\/a><\/p>\n<\/div>\n\t\t<\/div>\n\t\t \n\t\t<div  >\n\t\t<span class=\"icon-globe-1 icon\"><\/span><div class=\"list-content\"><p><a href=\"https:\/\/www.cavomit.gr\/tr\/united-ara%ce%b2-emirates-dubai\/\">UNITED ARAB EMIRATES DUBAI<\/a><\/p>\n<\/div>\n\t\t<\/div>\n\t\t \n\t\t<div  >\n\t\t<span class=\"icon-globe-1 icon\"><\/span><div class=\"list-content\"><p><a href=\"https:\/\/www.cavomit.gr\/tr\/usa\/\">USA<\/a><\/p>\n<\/div>\n\t\t<\/div>\n\t\t \n\t\t<div  >\n\t\t<span class=\"icon-globe-1 icon\"><\/span><div class=\"list-content\"><p><a href=\"https:\/\/www.cavomit.gr\/tr\/venezuela\/\">BENEZUELA<\/a><\/p>\n<\/div>\n\t\t<\/div>\n\t\n\t\t<\/div>\n\t[\/vc_column][vc_column width=&#8221;1\/6&#8243; rt_wrp_col_paddings=&#8221;false&#8221; rt_border_top=&#8221;&#8221; rt_border_bottom=&#8221;&#8221; rt_border_left=&#8221;&#8221; rt_border_right=&#8221;&#8221; rt_border_top_mobile=&#8221;&#8221; rt_border_bottom_mobile=&#8221;&#8221; rt_border_left_mobile=&#8221;&#8221; rt_border_right_mobile=&#8221;&#8221; rt_bg_image_repeat=&#8221;repeat&#8221; rt_bg_size=&#8221;auto auto&#8221; rt_bg_position=&#8221;right top&#8221; rt_bg_attachment=&#8221;scroll&#8221;][\/vc_column][\/vc_row]<\/p>\n","protected":false},"excerpt":{"rendered":"<p>[vc_row rt_row_background_width=&#8221;fullwidth&#8221; rt_row_content_width=&#8221;default&#8221; rt_row_style=&#8221;alt-style-2&#8243; rt_row_borders=&#8221;&#8221; rt_row_paddings=&#8221;true&#8221; id=&#8221;countries-header&#8221; rt_bg_effect=&#8221;parallax&#8221; rt_bg_parallax_effect=&#8221;1&#8243; rt_bg_image_repeat=&#8221;no-repeat&#8221; rt_bg_size=&#8221;cover&#8221; rt_bg_position=&#8221;right top&#8221; rt_bg_video_format=&#8221;self-hosted&#8221; rt_padding_top=&#8221;100&#8243; rt_padding_bottom=&#8221;140&#8243;][vc_column rt_wrp_col_paddings=&#8221;false&#8221; rt_border_top=&#8221;&#8221; rt_border_bottom=&#8221;&#8221; rt_border_left=&#8221;&#8221; rt_border_right=&#8221;&#8221; rt_border_top_mobile=&#8221;&#8221; rt_border_bottom_mobile=&#8221;&#8221; rt_border_left_mobile=&#8221;&#8221; rt_border_right_mobile=&#8221;&#8221; rt_bg_image_repeat=&#8221;repeat&#8221; rt_bg_size=&#8221;auto auto&#8221; rt_bg_position=&#8221;right top&#8221; rt_bg_attachment=&#8221;scroll&#8221;][vc_column_text] CAVOMIT makineleri, 1990 y\u0131l\u0131ndan bu yana yerel acenteler ve teknik destek birimleri a\u011f\u0131 arac\u0131l\u0131\u011f\u0131yla uluslararas\u0131 pazarda mevcuttur. Bu t\u00fcr sistemler g\u00fcn\u00fcm\u00fczde faaliyet g\u00f6stermektedir. [\/vc_column_text][\/vc_column][\/vc_row][vc_row [&hellip;]<\/p>\n","protected":false},"author":1,"featured_media":0,"parent":0,"menu_order":0,"comment_status":"open","ping_status":"open","template":"","meta":{"footnotes":""},"class_list":["post-6517","page","type-page","status-publish","hentry"],"_links":{"self":[{"href":"https:\/\/www.cavomit.gr\/tr\/wp-json\/wp\/v2\/pages\/6517","targetHints":{"allow":["GET"]}}],"collection":[{"href":"https:\/\/www.cavomit.gr\/tr\/wp-json\/wp\/v2\/pages"}],"about":[{"href":"https:\/\/www.cavomit.gr\/tr\/wp-json\/wp\/v2\/types\/page"}],"author":[{"embeddable":true,"href":"https:\/\/www.cavomit.gr\/tr\/wp-json\/wp\/v2\/users\/1"}],"replies":[{"embeddable":true,"href":"https:\/\/www.cavomit.gr\/tr\/wp-json\/wp\/v2\/comments?post=6517"}],"version-history":[{"count":10,"href":"https:\/\/www.cavomit.gr\/tr\/wp-json\/wp\/v2\/pages\/6517\/revisions"}],"predecessor-version":[{"id":8312,"href":"https:\/\/www.cavomit.gr\/tr\/wp-json\/wp\/v2\/pages\/6517\/revisions\/8312"}],"wp:attachment":[{"href":"https:\/\/www.cavomit.gr\/tr\/wp-json\/wp\/v2\/media?parent=6517"}],"curies":[{"name":"wp","href":"https:\/\/api.w.org\/{rel}","templated":true}]}}