{"id":6553,"date":"2023-09-15T12:34:40","date_gmt":"2023-09-15T12:34:40","guid":{"rendered":"https:\/\/www.cavomit.gr\/holo-foil-122-%ce%bc%ce%b7%cf%87%ce%b1%ce%bd%ce%ae%ce%bc%ce%b1%cf%84%ce%b1-%ce%b8%ce%b5%cf%81%ce%bc%ce%bf%cf%84%cf%85%cf%80%ce%af%ce%b1%cf%82-%ce%ba%ce%b1%ce%b9-%ce%bf%ce%bb%ce%bf%ce%b3%cf%81%ce%b1\/"},"modified":"2023-11-03T14:52:02","modified_gmt":"2023-11-03T14:52:02","slug":"holo-foil-122-varak-yaldiz-hologram-baski-sistemleri","status":"publish","type":"page","link":"https:\/\/www.cavomit.gr\/tr\/holo-foil-122-varak-yaldiz-hologram-baski-sistemleri\/","title":{"rendered":"(Holo Foil 122) Varak Yald\u0131z &#038; Hologram Bask\u0131 Sistemleri"},"content":{"rendered":"<p>[vc_row rt_row_background_width=&#8221;fullwidth&#8221; rt_row_content_width=&#8221;default&#8221; rt_row_style=&#8221;default-style&#8221; rt_row_borders=&#8221;&#8221; rt_overlap=&#8221;true&#8221; rt_row_paddings=&#8221;true&#8221; rt_bg_effect=&#8221;classic&#8221; rt_bg_image_repeat=&#8221;repeat&#8221; rt_bg_size=&#8221;cover&#8221; rt_bg_position=&#8221;right top&#8221; rt_bg_attachment=&#8221;scroll&#8221; rt_bg_video_format=&#8221;self-hosted&#8221;][vc_column rt_wrp_col_paddings=&#8221;false&#8221; rt_border_top=&#8221;&#8221; rt_border_bottom=&#8221;&#8221; rt_border_left=&#8221;&#8221; rt_border_right=&#8221;&#8221; rt_border_top_mobile=&#8221;&#8221; rt_border_bottom_mobile=&#8221;&#8221; rt_border_left_mobile=&#8221;&#8221; rt_border_right_mobile=&#8221;&#8221; rt_bg_image_repeat=&#8221;repeat&#8221; rt_bg_size=&#8221;auto auto&#8221; rt_bg_position=&#8221;right top&#8221; rt_bg_attachment=&#8221;scroll&#8221;]\n<div id=\"product-dynamicID-422119\" class=\"product_holder product-showcase clearfix  border_grid fixed_heights\" data-column-width=\"4\">\n<div class=\"row clearfix\">\n<div class=\"col product_item_holder col-sm-3  hot-stamping-tigel-machines-electronic-tr\">\n\n<div class=\"product_item_holder\">\n\n\t\t\t<div class=\"featured_image\"> \n\t\t\t<!-- product image -->\n\t\t\t<div class=\"featured_image\"> \n\t\t\t\t<a href=\"https:\/\/www.cavomit.gr\/tr\/product-details\/122x1-holo-foil-elektronik-varak-yaldiz-hologram-baski-sistemi-heidelberg-gt-34x46-ile-beraber\/\" title=\"(122X1 Holo Foil) elektronik varak yald\u0131z &#038; hologram bask\u0131 sistemi Heidelberg GT 34X46 ile beraber\" rel=\"bookmark\" class=\"imgeffect link\"><img decoding=\"async\" src=\"https:\/\/www.cavomit.gr\/wp-content\/uploads\/2023\/09\/122X1.1.H.F.600--490x490.jpg\" alt=\"\" class=\"\" \/><\/a> \n\t\t\t<\/div> \n\t\t<\/div> \n\t\n\n\t\n\t\t\t\t\t\t\n\t\t<div class=\"product_info\">\n\n\t\t\t\t\t\t\t\t<!-- title-->\n\t\t\t\t<h5 class=\"clean_heading\"><a href=\"https:\/\/www.cavomit.gr\/tr\/product-details\/122x1-holo-foil-elektronik-varak-yaldiz-hologram-baski-sistemi-heidelberg-gt-34x46-ile-beraber\/\" title=\"(122X1 Holo Foil) elektronik varak yald\u0131z &#038; hologram bask\u0131 sistemi Heidelberg GT 34X46 ile beraber\" rel=\"bookmark\">(122X1 Holo Foil) elektronik varak yald\u0131z &#038; hologram bask\u0131 sistemi Heidelberg GT 34X46 ile beraber<\/a><\/h5>\n\t\t\t\t\n\t\t\t\t<!-- text-->\n\t\t\t\t<p>Daha fazla bilgi i\u00e7in l\u00fctfen makinan\u0131n resmini (TIKLAYINIZ)<\/p>\n\t\t\t\t<div class=\"product_info_footer clearfix\"><div class=\"action_buttons\"><a href=\"https:\/\/www.cavomit.gr\/tr\/product-details\/122x1-holo-foil-elektronik-varak-yaldiz-hologram-baski-sistemi-heidelberg-gt-34x46-ile-beraber\/\" title=\"(122X1 Holo Foil) elektronik varak yald\u0131z &#038; hologram bask\u0131 sistemi Heidelberg GT 34X46 ile beraber\" class=\"details icon-angle-right\">Details<\/a><\/div><\/div> \t\t\n\n\t\t<\/div>\n\t\t\n\n\t\n<\/div><\/div>\n<div class=\"col product_item_holder col-sm-3  hot-stamping-tigel-machines-electronic-tr\">\n\n<div class=\"product_item_holder\">\n\n\t\t\t<div class=\"featured_image\"> \n\t\t\t<!-- product image -->\n\t\t\t<div class=\"featured_image\"> \n\t\t\t\t<a href=\"https:\/\/www.cavomit.gr\/tr\/product-details\/122x2-holo-foil-elektronik-varak-yaldiz-hologram-baski-sistemi-heidelberg-gt-34x46-ile-beraber\/\" title=\"(122X2 Holo Foil) elektronik varak yald\u0131z &#038; hologram bask\u0131 sistemi Heidelberg GT 34X46 ile beraber\" rel=\"bookmark\" class=\"imgeffect link\"><img decoding=\"async\" src=\"https:\/\/www.cavomit.gr\/wp-content\/uploads\/2023\/09\/122X2.1.H.F.600-1-2-490x490.jpg\" alt=\"\" class=\"\" \/><\/a> \n\t\t\t<\/div> \n\t\t<\/div> \n\t\n\n\t\n\t\t\t\t\t\t\n\t\t<div class=\"product_info\">\n\n\t\t\t\t\t\t\t\t<!-- title-->\n\t\t\t\t<h5 class=\"clean_heading\"><a href=\"https:\/\/www.cavomit.gr\/tr\/product-details\/122x2-holo-foil-elektronik-varak-yaldiz-hologram-baski-sistemi-heidelberg-gt-34x46-ile-beraber\/\" title=\"(122X2 Holo Foil) elektronik varak yald\u0131z &#038; hologram bask\u0131 sistemi Heidelberg GT 34X46 ile beraber\" rel=\"bookmark\">(122X2 Holo Foil) elektronik varak yald\u0131z &#038; hologram bask\u0131 sistemi Heidelberg GT 34X46 ile beraber<\/a><\/h5>\n\t\t\t\t\n\t\t\t\t<!-- text-->\n\t\t\t\t<p>Daha fazla bilgi i\u00e7in l\u00fctfen makinan\u0131n resmini (TIKLAYINIZ)<\/p>\n\t\t\t\t<div class=\"product_info_footer clearfix\"><div class=\"action_buttons\"><a href=\"https:\/\/www.cavomit.gr\/tr\/product-details\/122x2-holo-foil-elektronik-varak-yaldiz-hologram-baski-sistemi-heidelberg-gt-34x46-ile-beraber\/\" title=\"(122X2 Holo Foil) elektronik varak yald\u0131z &#038; hologram bask\u0131 sistemi Heidelberg GT 34X46 ile beraber\" class=\"details icon-angle-right\">Details<\/a><\/div><\/div> \t\t\n\n\t\t<\/div>\n\t\t\n\n\t\n<\/div><\/div>\n<div class=\"col product_item_holder col-sm-3  hot-stamping-tigel-machines-electronic-tr\">\n\n<div class=\"product_item_holder\">\n\n\t\t\t<div class=\"featured_image\"> \n\t\t\t<!-- product image -->\n\t\t\t<div class=\"featured_image\"> \n\t\t\t\t<a href=\"https:\/\/www.cavomit.gr\/tr\/product-details\/122x3-holo-foil-elektronik-varak-yaldiz-hologram-baski-sistemi-heidelberg-gt-34x46-ile-beraber\/\" title=\"(122X3 Holo Foil) elektronik varak yald\u0131z &#038; hologram bask\u0131 sistemi Heidelberg GT 34X46 ile beraber\" rel=\"bookmark\" class=\"imgeffect link\"><img decoding=\"async\" src=\"https:\/\/www.cavomit.gr\/wp-content\/uploads\/2023\/09\/122X3.1.H.F.600--490x490.jpg\" alt=\"\" class=\"\" \/><\/a> \n\t\t\t<\/div> \n\t\t<\/div> \n\t\n\n\t\n\t\t\t\t\t\t\n\t\t<div class=\"product_info\">\n\n\t\t\t\t\t\t\t\t<!-- title-->\n\t\t\t\t<h5 class=\"clean_heading\"><a href=\"https:\/\/www.cavomit.gr\/tr\/product-details\/122x3-holo-foil-elektronik-varak-yaldiz-hologram-baski-sistemi-heidelberg-gt-34x46-ile-beraber\/\" title=\"(122X3 Holo Foil) elektronik varak yald\u0131z &#038; hologram bask\u0131 sistemi Heidelberg GT 34X46 ile beraber\" rel=\"bookmark\">(122X3 Holo Foil) elektronik varak yald\u0131z &#038; hologram bask\u0131 sistemi Heidelberg GT 34X46 ile beraber<\/a><\/h5>\n\t\t\t\t\n\t\t\t\t<!-- text-->\n\t\t\t\t<p>Daha fazla bilgi i\u00e7in l\u00fctfen makinan\u0131n resmini (TIKLAYINIZ)<\/p>\n\t\t\t\t<div class=\"product_info_footer clearfix\"><div class=\"action_buttons\"><a href=\"https:\/\/www.cavomit.gr\/tr\/product-details\/122x3-holo-foil-elektronik-varak-yaldiz-hologram-baski-sistemi-heidelberg-gt-34x46-ile-beraber\/\" title=\"(122X3 Holo Foil) elektronik varak yald\u0131z &#038; hologram bask\u0131 sistemi Heidelberg GT 34X46 ile beraber\" class=\"details icon-angle-right\">Details<\/a><\/div><\/div> \t\t\n\n\t\t<\/div>\n\t\t\n\n\t\n<\/div><\/div>\n<div class=\"col product_item_holder col-sm-3  hot-stamping-tigel-machines-electronic-tr\">\n\n<div class=\"product_item_holder\">\n\n\t\t\t<div class=\"featured_image\"> \n\t\t\t<!-- product image -->\n\t\t\t<div class=\"featured_image\"> \n\t\t\t\t<a href=\"https:\/\/www.cavomit.gr\/tr\/product-details\/122x4-holo-foil-elektronik-varak-yaldiz-hologram-baski-sistemi-heidelberg-gt-34x46-ile-beraber\/\" title=\"(122X4 Holo Foil) elektronik varak yald\u0131z &#038; hologram bask\u0131 sistemi Heidelberg GT 34X46 ile beraber\" rel=\"bookmark\" class=\"imgeffect link\"><img decoding=\"async\" src=\"https:\/\/www.cavomit.gr\/wp-content\/uploads\/2023\/09\/122\u03a74.1.H.F.600--490x490.jpg\" alt=\"\" class=\"\" \/><\/a> \n\t\t\t<\/div> \n\t\t<\/div> \n\t\n\n\t\n\t\t\t\t\t\t\n\t\t<div class=\"product_info\">\n\n\t\t\t\t\t\t\t\t<!-- title-->\n\t\t\t\t<h5 class=\"clean_heading\"><a href=\"https:\/\/www.cavomit.gr\/tr\/product-details\/122x4-holo-foil-elektronik-varak-yaldiz-hologram-baski-sistemi-heidelberg-gt-34x46-ile-beraber\/\" title=\"(122X4 Holo Foil) elektronik varak yald\u0131z &#038; hologram bask\u0131 sistemi Heidelberg GT 34X46 ile beraber\" rel=\"bookmark\">(122X4 Holo Foil) elektronik varak yald\u0131z &#038; hologram bask\u0131 sistemi Heidelberg GT 34X46 ile beraber<\/a><\/h5>\n\t\t\t\t\n\t\t\t\t<!-- text-->\n\t\t\t\t<p>Daha fazla bilgi i\u00e7in l\u00fctfen makinan\u0131n resmini (TIKLAYINIZ)<\/p>\n\t\t\t\t<div class=\"product_info_footer clearfix\"><div class=\"action_buttons\"><a href=\"https:\/\/www.cavomit.gr\/tr\/product-details\/122x4-holo-foil-elektronik-varak-yaldiz-hologram-baski-sistemi-heidelberg-gt-34x46-ile-beraber\/\" title=\"(122X4 Holo Foil) elektronik varak yald\u0131z &#038; hologram bask\u0131 sistemi Heidelberg GT 34X46 ile beraber\" class=\"details icon-angle-right\">Details<\/a><\/div><\/div> \t\t\n\n\t\t<\/div>\n\t\t\n\n\t\n<\/div><\/div>\n<\/div>\n<\/div>\n<div class=\"paging_wrapper margin-t30 margin-b30\"><\/div>[\/vc_column][\/vc_row]<\/p>\n","protected":false},"excerpt":{"rendered":"<p>[vc_row rt_row_background_width=&#8221;fullwidth&#8221; rt_row_content_width=&#8221;default&#8221; rt_row_style=&#8221;default-style&#8221; rt_row_borders=&#8221;&#8221; rt_overlap=&#8221;true&#8221; rt_row_paddings=&#8221;true&#8221; rt_bg_effect=&#8221;classic&#8221; rt_bg_image_repeat=&#8221;repeat&#8221; rt_bg_size=&#8221;cover&#8221; rt_bg_position=&#8221;right top&#8221; rt_bg_attachment=&#8221;scroll&#8221; rt_bg_video_format=&#8221;self-hosted&#8221;][vc_column rt_wrp_col_paddings=&#8221;false&#8221; rt_border_top=&#8221;&#8221; rt_border_bottom=&#8221;&#8221; rt_border_left=&#8221;&#8221; rt_border_right=&#8221;&#8221; rt_border_top_mobile=&#8221;&#8221; rt_border_bottom_mobile=&#8221;&#8221; rt_border_left_mobile=&#8221;&#8221; rt_border_right_mobile=&#8221;&#8221; rt_bg_image_repeat=&#8221;repeat&#8221; rt_bg_size=&#8221;auto auto&#8221; rt_bg_position=&#8221;right top&#8221; rt_bg_attachment=&#8221;scroll&#8221;][\/vc_column][\/vc_row]<\/p>\n","protected":false},"author":1,"featured_media":0,"parent":0,"menu_order":0,"comment_status":"open","ping_status":"open","template":"","meta":{"footnotes":""},"class_list":["post-6553","page","type-page","status-publish","hentry"],"_links":{"self":[{"href":"https:\/\/www.cavomit.gr\/tr\/wp-json\/wp\/v2\/pages\/6553","targetHints":{"allow":["GET"]}}],"collection":[{"href":"https:\/\/www.cavomit.gr\/tr\/wp-json\/wp\/v2\/pages"}],"about":[{"href":"https:\/\/www.cavomit.gr\/tr\/wp-json\/wp\/v2\/types\/page"}],"author":[{"embeddable":true,"href":"https:\/\/www.cavomit.gr\/tr\/wp-json\/wp\/v2\/users\/1"}],"replies":[{"embeddable":true,"href":"https:\/\/www.cavomit.gr\/tr\/wp-json\/wp\/v2\/comments?post=6553"}],"version-history":[{"count":5,"href":"https:\/\/www.cavomit.gr\/tr\/wp-json\/wp\/v2\/pages\/6553\/revisions"}],"predecessor-version":[{"id":7384,"href":"https:\/\/www.cavomit.gr\/tr\/wp-json\/wp\/v2\/pages\/6553\/revisions\/7384"}],"wp:attachment":[{"href":"https:\/\/www.cavomit.gr\/tr\/wp-json\/wp\/v2\/media?parent=6553"}],"curies":[{"name":"wp","href":"https:\/\/api.w.org\/{rel}","templated":true}]}}