{"id":6572,"date":"2023-09-15T12:36:20","date_gmt":"2023-09-15T12:36:20","guid":{"rendered":"https:\/\/www.cavomit.gr\/holo-flexo-computer-form-hologram-printing-machines\/"},"modified":"2023-11-03T14:30:53","modified_gmt":"2023-11-03T14:30:53","slug":"holo-flexo-surekli-form-hologram-baski-makinalari","status":"publish","type":"page","link":"https:\/\/www.cavomit.gr\/tr\/holo-flexo-surekli-form-hologram-baski-makinalari\/","title":{"rendered":"(Holo Flexo) S\u00fcrekli Form Hologram Bask\u0131 Makinalar\u0131"},"content":{"rendered":"<p>[vc_row rt_row_background_width=&#8221;fullwidth&#8221; rt_row_content_width=&#8221;default&#8221; rt_row_style=&#8221;default-style&#8221; rt_row_borders=&#8221;&#8221; rt_overlap=&#8221;true&#8221; rt_row_paddings=&#8221;true&#8221; rt_bg_effect=&#8221;classic&#8221; rt_bg_image_repeat=&#8221;repeat&#8221; rt_bg_size=&#8221;cover&#8221; rt_bg_position=&#8221;right top&#8221; rt_bg_attachment=&#8221;scroll&#8221; rt_bg_video_format=&#8221;self-hosted&#8221;][vc_column rt_wrp_col_paddings=&#8221;false&#8221; rt_border_top=&#8221;&#8221; rt_border_bottom=&#8221;&#8221; rt_border_left=&#8221;&#8221; rt_border_right=&#8221;&#8221; rt_border_top_mobile=&#8221;&#8221; rt_border_bottom_mobile=&#8221;&#8221; rt_border_left_mobile=&#8221;&#8221; rt_border_right_mobile=&#8221;&#8221; rt_bg_image_repeat=&#8221;repeat&#8221; rt_bg_size=&#8221;auto auto&#8221; rt_bg_position=&#8221;right top&#8221; rt_bg_attachment=&#8221;scroll&#8221;]\n<div id=\"product-dynamicID-825478\" class=\"product_holder product-showcase clearfix  border_grid fixed_heights\" data-column-width=\"4\">\n<div class=\"row clearfix\">\n<div class=\"col product_item_holder col-sm-3  computer-form-machines-tr\">\n\n<div class=\"product_item_holder\">\n\n\t\t\t<div class=\"featured_image\"> \n\t\t\t<!-- product image -->\n\t\t\t<div class=\"featured_image\"> \n\t\t\t\t<a href=\"https:\/\/www.cavomit.gr\/tr\/product-details\/hl-330-holo-label-etiketlerin-uzerine-rol-to-rol-hologram-baski-makinesi\/\" title=\"(HL-330 Holo Label) Etiketlerin \u00dczerine Rol To Rol Hologram Bask\u0131 Makinesi\" rel=\"bookmark\" class=\"imgeffect link\"><img decoding=\"async\" src=\"https:\/\/www.cavomit.gr\/wp-content\/uploads\/2023\/09\/H.L.330.1.600-1-1-490x490.jpg\" alt=\"\" class=\"\" \/><\/a> \n\t\t\t<\/div> \n\t\t<\/div> \n\t\n\n\t\n\t\t\t\t\t\t\n\t\t<div class=\"product_info\">\n\n\t\t\t\t\t\t\t\t<!-- title-->\n\t\t\t\t<h5 class=\"clean_heading\"><a href=\"https:\/\/www.cavomit.gr\/tr\/product-details\/hl-330-holo-label-etiketlerin-uzerine-rol-to-rol-hologram-baski-makinesi\/\" title=\"(HL-330 Holo Label) Etiketlerin \u00dczerine Rol To Rol Hologram Bask\u0131 Makinesi\" rel=\"bookmark\">(HL-330 Holo Label) Etiketlerin \u00dczerine Rol To Rol Hologram Bask\u0131 Makinesi<\/a><\/h5>\n\t\t\t\t\n\t\t\t\t<!-- text-->\n\t\t\t\t<p>Daha fazla bilgi i\u00e7in l\u00fctfen makinan\u0131n resmini (TIKLAYINIZ)\r\n\r\n<\/p>\n\t\t\t\t<div class=\"product_info_footer clearfix\"><div class=\"action_buttons\"><a href=\"https:\/\/www.cavomit.gr\/tr\/product-details\/hl-330-holo-label-etiketlerin-uzerine-rol-to-rol-hologram-baski-makinesi\/\" title=\"(HL-330 Holo Label) Etiketlerin \u00dczerine Rol To Rol Hologram Bask\u0131 Makinesi\" class=\"details icon-angle-right\">Details<\/a><\/div><\/div> \t\t\n\n\t\t<\/div>\n\t\t\n\n\t\n<\/div><\/div>\n<div class=\"col product_item_holder col-sm-3  computer-form-machines-tr\">\n\n<div class=\"product_item_holder\">\n\n\t\t\t<div class=\"featured_image\"> \n\t\t\t<!-- product image -->\n\t\t\t<div class=\"featured_image\"> \n\t\t\t\t<a href=\"https:\/\/www.cavomit.gr\/tr\/product-details\/k-300x2-holo-flexo-surekli-form-paketten-pakete-hologram-baski-makinesi\/\" title=\"(K-300X2 Holo Flexo) S\u00fcrekli Form Paketten Pakete Hologram Bask\u0131 Makinesi\" rel=\"bookmark\" class=\"imgeffect link\"><img decoding=\"async\" src=\"https:\/\/www.cavomit.gr\/wp-content\/uploads\/2023\/09\/K-300X2.1.600-490x490.jpg\" alt=\"\" class=\"\" \/><\/a> \n\t\t\t<\/div> \n\t\t<\/div> \n\t\n\n\t\n\t\t\t\t\t\t\n\t\t<div class=\"product_info\">\n\n\t\t\t\t\t\t\t\t<!-- title-->\n\t\t\t\t<h5 class=\"clean_heading\"><a href=\"https:\/\/www.cavomit.gr\/tr\/product-details\/k-300x2-holo-flexo-surekli-form-paketten-pakete-hologram-baski-makinesi\/\" title=\"(K-300X2 Holo Flexo) S\u00fcrekli Form Paketten Pakete Hologram Bask\u0131 Makinesi\" rel=\"bookmark\">(K-300X2 Holo Flexo) S\u00fcrekli Form Paketten Pakete Hologram Bask\u0131 Makinesi<\/a><\/h5>\n\t\t\t\t\n\t\t\t\t<!-- text-->\n\t\t\t\t<p>Daha fazla bilgi i\u00e7in l\u00fctfen makinan\u0131n resmini (TIKLAYINIZ)<\/p>\n\t\t\t\t<div class=\"product_info_footer clearfix\"><div class=\"action_buttons\"><a href=\"https:\/\/www.cavomit.gr\/tr\/product-details\/k-300x2-holo-flexo-surekli-form-paketten-pakete-hologram-baski-makinesi\/\" title=\"(K-300X2 Holo Flexo) S\u00fcrekli Form Paketten Pakete Hologram Bask\u0131 Makinesi\" class=\"details icon-angle-right\">Details<\/a><\/div><\/div> \t\t\n\n\t\t<\/div>\n\t\t\n\n\t\n<\/div><\/div>\n<div class=\"col product_item_holder col-sm-3  computer-form-machines-tr\">\n\n<div class=\"product_item_holder\">\n\n\t\t\t<div class=\"featured_image\"> \n\t\t\t<!-- product image -->\n\t\t\t<div class=\"featured_image\"> \n\t\t\t\t<a href=\"https:\/\/www.cavomit.gr\/tr\/product-details\/k-500x1-holo-flexo-surekli-form-paketten-pakete-hologram-baski-makinesi\/\" title=\"(K-500X1 Holo Flexo) S\u00fcrekli Form Paketten Pakete Hologram Bask\u0131 Makinesi\" rel=\"bookmark\" class=\"imgeffect link\"><img decoding=\"async\" src=\"https:\/\/www.cavomit.gr\/wp-content\/uploads\/2025\/12\/K-500X1.1.601-490x490.jpg\" alt=\"\" class=\"\" \/><\/a> \n\t\t\t<\/div> \n\t\t<\/div> \n\t\n\n\t\n\t\t\t\t\t\t\n\t\t<div class=\"product_info\">\n\n\t\t\t\t\t\t\t\t<!-- title-->\n\t\t\t\t<h5 class=\"clean_heading\"><a href=\"https:\/\/www.cavomit.gr\/tr\/product-details\/k-500x1-holo-flexo-surekli-form-paketten-pakete-hologram-baski-makinesi\/\" title=\"(K-500X1 Holo Flexo) S\u00fcrekli Form Paketten Pakete Hologram Bask\u0131 Makinesi\" rel=\"bookmark\">(K-500X1 Holo Flexo) S\u00fcrekli Form Paketten Pakete Hologram Bask\u0131 Makinesi<\/a><\/h5>\n\t\t\t\t\n\t\t\t\t<!-- text-->\n\t\t\t\t<p>Daha fazla bilgi i\u00e7in l\u00fctfen makinan\u0131n resmini (TIKLAYINIZ)<\/p>\n\t\t\t\t<div class=\"product_info_footer clearfix\"><div class=\"action_buttons\"><a href=\"https:\/\/www.cavomit.gr\/tr\/product-details\/k-500x1-holo-flexo-surekli-form-paketten-pakete-hologram-baski-makinesi\/\" title=\"(K-500X1 Holo Flexo) S\u00fcrekli Form Paketten Pakete Hologram Bask\u0131 Makinesi\" class=\"details icon-angle-right\">Details<\/a><\/div><\/div> \t\t\n\n\t\t<\/div>\n\t\t\n\n\t\n<\/div><\/div>\n<div class=\"col product_item_holder col-sm-3  computer-form-machines-tr\">\n\n<div class=\"product_item_holder\">\n\n\t\t\t<div class=\"featured_image\"> \n\t\t\t<!-- product image -->\n\t\t\t<div class=\"featured_image\"> \n\t\t\t\t<a href=\"https:\/\/www.cavomit.gr\/tr\/product-details\/k-500x11-holo-flexo-surekli-form-pack-to-pack-hologram-ve-barcode-baski-makinesi\/\" title=\"(K-500X1+1 Holo Flexo) S\u00fcrekli Form (Pack to Pack) Hologram ve (Barcode) bask\u0131 makinesi\" rel=\"bookmark\" class=\"imgeffect link\"><img decoding=\"async\" src=\"https:\/\/www.cavomit.gr\/wp-content\/uploads\/2023\/09\/K-500X11.1-600-490x490.jpg\" alt=\"\" class=\"\" \/><\/a> \n\t\t\t<\/div> \n\t\t<\/div> \n\t\n\n\t\n\t\t\t\t\t\t\n\t\t<div class=\"product_info\">\n\n\t\t\t\t\t\t\t\t<!-- title-->\n\t\t\t\t<h5 class=\"clean_heading\"><a href=\"https:\/\/www.cavomit.gr\/tr\/product-details\/k-500x11-holo-flexo-surekli-form-pack-to-pack-hologram-ve-barcode-baski-makinesi\/\" title=\"(K-500X1+1 Holo Flexo) S\u00fcrekli Form (Pack to Pack) Hologram ve (Barcode) bask\u0131 makinesi\" rel=\"bookmark\">(K-500X1+1 Holo Flexo) S\u00fcrekli Form (Pack to Pack) Hologram ve (Barcode) bask\u0131 makinesi<\/a><\/h5>\n\t\t\t\t\n\t\t\t\t<!-- text-->\n\t\t\t\t<p>Daha fazla bilgi i\u00e7in l\u00fctfen makinan\u0131n resmini (TIKLAYINIZ)<\/p>\n\t\t\t\t<div class=\"product_info_footer clearfix\"><div class=\"action_buttons\"><a href=\"https:\/\/www.cavomit.gr\/tr\/product-details\/k-500x11-holo-flexo-surekli-form-pack-to-pack-hologram-ve-barcode-baski-makinesi\/\" title=\"(K-500X1+1 Holo Flexo) S\u00fcrekli Form (Pack to Pack) Hologram ve (Barcode) bask\u0131 makinesi\" class=\"details icon-angle-right\">Details<\/a><\/div><\/div> \t\t\n\n\t\t<\/div>\n\t\t\n\n\t\n<\/div><\/div>\n<\/div>\n<div class=\"row clearfix\">\n<div class=\"col product_item_holder col-sm-3  computer-form-machines-tr\">\n\n<div class=\"product_item_holder\">\n\n\t\t\t<div class=\"featured_image\"> \n\t\t\t<!-- product image -->\n\t\t\t<div class=\"featured_image\"> \n\t\t\t\t<a href=\"https:\/\/www.cavomit.gr\/tr\/product-details\/k-600x212-holo-flexo-surekli-form-paketten-pakete-rolodan-roloya-hologram-baski-makinesi\/\" title=\"(K-600X2+12 Holo Flexo) s\u00fcrekli form paketten pakete rolodan roloya Hologram bask\u0131 makinesi\" rel=\"bookmark\" class=\"imgeffect link\"><img decoding=\"async\" src=\"https:\/\/www.cavomit.gr\/wp-content\/uploads\/2025\/07\/1.K-600-490x490.jpg\" alt=\"\" class=\"\" \/><\/a> \n\t\t\t<\/div> \n\t\t<\/div> \n\t\n\n\t\n\t\t\t\t\t\t\n\t\t<div class=\"product_info\">\n\n\t\t\t\t\t\t\t\t<!-- title-->\n\t\t\t\t<h5 class=\"clean_heading\"><a href=\"https:\/\/www.cavomit.gr\/tr\/product-details\/k-600x212-holo-flexo-surekli-form-paketten-pakete-rolodan-roloya-hologram-baski-makinesi\/\" title=\"(K-600X2+12 Holo Flexo) s\u00fcrekli form paketten pakete rolodan roloya Hologram bask\u0131 makinesi\" rel=\"bookmark\">(K-600X2+12 Holo Flexo) s\u00fcrekli form paketten pakete rolodan roloya Hologram bask\u0131 makinesi<\/a><\/h5>\n\t\t\t\t\n\t\t\t\t<!-- text-->\n\t\t\t\t<p>Daha fazla bilgi i\u00e7in l\u00fctfen makinan\u0131n resmini (TIKLAYINIZ)<\/p>\n\t\t\t\t<div class=\"product_info_footer clearfix\"><div class=\"action_buttons\"><a href=\"https:\/\/www.cavomit.gr\/tr\/product-details\/k-600x212-holo-flexo-surekli-form-paketten-pakete-rolodan-roloya-hologram-baski-makinesi\/\" title=\"(K-600X2+12 Holo Flexo) s\u00fcrekli form paketten pakete rolodan roloya Hologram bask\u0131 makinesi\" class=\"details icon-angle-right\">Details<\/a><\/div><\/div> \t\t\n\n\t\t<\/div>\n\t\t\n\n\t\n<\/div><\/div>\n<\/div>\n<\/div>\n<div class=\"paging_wrapper margin-t30 margin-b30\"><\/div>[\/vc_column][\/vc_row]<\/p>\n","protected":false},"excerpt":{"rendered":"<p>[vc_row rt_row_background_width=&#8221;fullwidth&#8221; rt_row_content_width=&#8221;default&#8221; rt_row_style=&#8221;default-style&#8221; rt_row_borders=&#8221;&#8221; rt_overlap=&#8221;true&#8221; rt_row_paddings=&#8221;true&#8221; rt_bg_effect=&#8221;classic&#8221; rt_bg_image_repeat=&#8221;repeat&#8221; rt_bg_size=&#8221;cover&#8221; rt_bg_position=&#8221;right top&#8221; rt_bg_attachment=&#8221;scroll&#8221; rt_bg_video_format=&#8221;self-hosted&#8221;][vc_column rt_wrp_col_paddings=&#8221;false&#8221; rt_border_top=&#8221;&#8221; rt_border_bottom=&#8221;&#8221; rt_border_left=&#8221;&#8221; rt_border_right=&#8221;&#8221; rt_border_top_mobile=&#8221;&#8221; rt_border_bottom_mobile=&#8221;&#8221; rt_border_left_mobile=&#8221;&#8221; rt_border_right_mobile=&#8221;&#8221; rt_bg_image_repeat=&#8221;repeat&#8221; rt_bg_size=&#8221;auto auto&#8221; rt_bg_position=&#8221;right top&#8221; rt_bg_attachment=&#8221;scroll&#8221;][\/vc_column][\/vc_row]<\/p>\n","protected":false},"author":1,"featured_media":0,"parent":0,"menu_order":0,"comment_status":"open","ping_status":"open","template":"","meta":{"footnotes":""},"class_list":["post-6572","page","type-page","status-publish","hentry"],"_links":{"self":[{"href":"https:\/\/www.cavomit.gr\/tr\/wp-json\/wp\/v2\/pages\/6572","targetHints":{"allow":["GET"]}}],"collection":[{"href":"https:\/\/www.cavomit.gr\/tr\/wp-json\/wp\/v2\/pages"}],"about":[{"href":"https:\/\/www.cavomit.gr\/tr\/wp-json\/wp\/v2\/types\/page"}],"author":[{"embeddable":true,"href":"https:\/\/www.cavomit.gr\/tr\/wp-json\/wp\/v2\/users\/1"}],"replies":[{"embeddable":true,"href":"https:\/\/www.cavomit.gr\/tr\/wp-json\/wp\/v2\/comments?post=6572"}],"version-history":[{"count":2,"href":"https:\/\/www.cavomit.gr\/tr\/wp-json\/wp\/v2\/pages\/6572\/revisions"}],"predecessor-version":[{"id":7377,"href":"https:\/\/www.cavomit.gr\/tr\/wp-json\/wp\/v2\/pages\/6572\/revisions\/7377"}],"wp:attachment":[{"href":"https:\/\/www.cavomit.gr\/tr\/wp-json\/wp\/v2\/media?parent=6572"}],"curies":[{"name":"wp","href":"https:\/\/api.w.org\/{rel}","templated":true}]}}