{"id":6605,"date":"2023-09-15T12:40:16","date_gmt":"2023-09-15T12:40:16","guid":{"rendered":"https:\/\/www.cavomit.gr\/sales-spare-parts-tigel-cylinder-johannisberg-machinery\/"},"modified":"2023-10-23T13:52:35","modified_gmt":"2023-10-23T13:52:35","slug":"cylinder-johannisberg-makineleri-icin-yedek-parca","status":"publish","type":"page","link":"https:\/\/www.cavomit.gr\/tr\/cylinder-johannisberg-makineleri-icin-yedek-parca\/","title":{"rendered":"Cylinder Johannisberg Makineleri \u0130\u00e7in Yedek Par\u00e7a"},"content":{"rendered":"<p>[vc_row rt_row_background_width=&#8221;fullwidth&#8221; rt_row_content_width=&#8221;default&#8221; rt_row_style=&#8221;default-style&#8221; rt_row_borders=&#8221;&#8221; rt_overlap=&#8221;true&#8221; rt_row_paddings=&#8221;true&#8221; rt_bg_effect=&#8221;classic&#8221; rt_bg_image_repeat=&#8221;repeat&#8221; rt_bg_size=&#8221;cover&#8221; rt_bg_position=&#8221;right top&#8221; rt_bg_attachment=&#8221;scroll&#8221; rt_bg_video_format=&#8221;self-hosted&#8221;][vc_column rt_wrp_col_paddings=&#8221;false&#8221; rt_border_top=&#8221;&#8221; rt_border_bottom=&#8221;&#8221; rt_border_left=&#8221;&#8221; rt_border_right=&#8221;&#8221; rt_border_top_mobile=&#8221;&#8221; rt_border_bottom_mobile=&#8221;&#8221; rt_border_left_mobile=&#8221;&#8221; rt_border_right_mobile=&#8221;&#8221; rt_bg_image_repeat=&#8221;repeat&#8221; rt_bg_size=&#8221;auto auto&#8221; rt_bg_position=&#8221;right top&#8221; rt_bg_attachment=&#8221;scroll&#8221;]\n<div id=\"product-dynamicID-367092\" class=\"product_holder product-showcase clearfix  border_grid fixed_heights\" data-column-width=\"4\">\n<div class=\"row clearfix\">\n<div class=\"col product_item_holder col-sm-3  spare-parts-johannisberg-tr\">\n\n<div class=\"product_item_holder\">\n\n\t\t\t<div class=\"featured_image\"> \n\t\t\t<!-- product image -->\n\t\t\t<div class=\"featured_image\"> \n\t\t\t\t<a href=\"https:\/\/www.cavomit.gr\/tr\/product-details\/johannisberg-73x104-yedek-parca-satisi\/\" title=\"Johannisberg 73X104 Yedek Par\u00e7a sat\u0131\u015f\u0131\" rel=\"bookmark\" class=\"imgeffect link\"><img decoding=\"async\" src=\"https:\/\/www.cavomit.gr\/wp-content\/uploads\/2023\/10\/Spare.Parts_.1-Johannisberg-490x490.jpg\" alt=\"\" class=\"\" \/><\/a> \n\t\t\t<\/div> \n\t\t<\/div> \n\t\n\n\t\n\t\t\t\t\t\t\n\t\t<div class=\"product_info\">\n\n\t\t\t\t\t\t\t\t<!-- title-->\n\t\t\t\t<h5 class=\"clean_heading\"><a href=\"https:\/\/www.cavomit.gr\/tr\/product-details\/johannisberg-73x104-yedek-parca-satisi\/\" title=\"Johannisberg 73X104 Yedek Par\u00e7a sat\u0131\u015f\u0131\" rel=\"bookmark\">Johannisberg 73X104 Yedek Par\u00e7a sat\u0131\u015f\u0131<\/a><\/h5>\n\t\t\t\t\n\t\t\t\t<!-- text-->\n\t\t\t\t<p>Daha fazla bilgi i\u00e7in l\u00fctfen resimi (TIKLAYINIZ)<\/p>\n\t\t\t\t<div class=\"product_info_footer clearfix\"><div class=\"action_buttons\"><a href=\"https:\/\/www.cavomit.gr\/tr\/product-details\/johannisberg-73x104-yedek-parca-satisi\/\" title=\"Johannisberg 73X104 Yedek Par\u00e7a sat\u0131\u015f\u0131\" class=\"details icon-angle-right\">Details<\/a><\/div><\/div> \t\t\n\n\t\t<\/div>\n\t\t\n\n\t\n<\/div><\/div>\n<\/div>\n<\/div>\n<div class=\"paging_wrapper margin-t30 margin-b30\"><\/div>[\/vc_column][\/vc_row]<\/p>\n","protected":false},"excerpt":{"rendered":"<p>[vc_row rt_row_background_width=&#8221;fullwidth&#8221; rt_row_content_width=&#8221;default&#8221; rt_row_style=&#8221;default-style&#8221; rt_row_borders=&#8221;&#8221; rt_overlap=&#8221;true&#8221; rt_row_paddings=&#8221;true&#8221; rt_bg_effect=&#8221;classic&#8221; rt_bg_image_repeat=&#8221;repeat&#8221; rt_bg_size=&#8221;cover&#8221; rt_bg_position=&#8221;right top&#8221; rt_bg_attachment=&#8221;scroll&#8221; rt_bg_video_format=&#8221;self-hosted&#8221;][vc_column rt_wrp_col_paddings=&#8221;false&#8221; rt_border_top=&#8221;&#8221; rt_border_bottom=&#8221;&#8221; rt_border_left=&#8221;&#8221; rt_border_right=&#8221;&#8221; rt_border_top_mobile=&#8221;&#8221; rt_border_bottom_mobile=&#8221;&#8221; rt_border_left_mobile=&#8221;&#8221; rt_border_right_mobile=&#8221;&#8221; rt_bg_image_repeat=&#8221;repeat&#8221; rt_bg_size=&#8221;auto auto&#8221; rt_bg_position=&#8221;right top&#8221; rt_bg_attachment=&#8221;scroll&#8221;][\/vc_column][\/vc_row]<\/p>\n","protected":false},"author":1,"featured_media":0,"parent":0,"menu_order":0,"comment_status":"open","ping_status":"open","template":"","meta":{"footnotes":""},"class_list":["post-6605","page","type-page","status-publish","hentry"],"_links":{"self":[{"href":"https:\/\/www.cavomit.gr\/tr\/wp-json\/wp\/v2\/pages\/6605","targetHints":{"allow":["GET"]}}],"collection":[{"href":"https:\/\/www.cavomit.gr\/tr\/wp-json\/wp\/v2\/pages"}],"about":[{"href":"https:\/\/www.cavomit.gr\/tr\/wp-json\/wp\/v2\/types\/page"}],"author":[{"embeddable":true,"href":"https:\/\/www.cavomit.gr\/tr\/wp-json\/wp\/v2\/users\/1"}],"replies":[{"embeddable":true,"href":"https:\/\/www.cavomit.gr\/tr\/wp-json\/wp\/v2\/comments?post=6605"}],"version-history":[{"count":1,"href":"https:\/\/www.cavomit.gr\/tr\/wp-json\/wp\/v2\/pages\/6605\/revisions"}],"predecessor-version":[{"id":6606,"href":"https:\/\/www.cavomit.gr\/tr\/wp-json\/wp\/v2\/pages\/6605\/revisions\/6606"}],"wp:attachment":[{"href":"https:\/\/www.cavomit.gr\/tr\/wp-json\/wp\/v2\/media?parent=6605"}],"curies":[{"name":"wp","href":"https:\/\/api.w.org\/{rel}","templated":true}]}}