{"id":6681,"date":"2023-09-15T12:41:37","date_gmt":"2023-09-15T12:41:37","guid":{"rendered":"https:\/\/www.cavomit.gr\/st-35x50-50x70-70x100-%ce%bc%ce%b7%cf%87%ce%b1%ce%bd%ce%b9%ce%ba%ce%ac-%ce%b7%ce%bb%ce%b5%ce%ba%cf%84%cf%81%ce%bf%ce%bd%ce%b9%ce%ba%ce%ac-%cf%83%cf%85%cf%83%cf%84%ce%ae%ce%bc%ce%b1%cf%84%ce%b1\/"},"modified":"2023-11-03T14:40:21","modified_gmt":"2023-11-03T14:40:21","slug":"st-35x50-50x70-70x100-pedal-varak-yaldiz-sistemleri","status":"publish","type":"page","link":"https:\/\/www.cavomit.gr\/tr\/st-35x50-50x70-70x100-pedal-varak-yaldiz-sistemleri\/","title":{"rendered":"(ST 35X50 50X70 70X100) Pedal Varak yald\u0131z sistemleri"},"content":{"rendered":"<p>[vc_row rt_row_background_width=&#8221;fullwidth&#8221; rt_row_content_width=&#8221;default&#8221; rt_row_style=&#8221;default-style&#8221; rt_row_borders=&#8221;&#8221; rt_overlap=&#8221;true&#8221; rt_row_paddings=&#8221;true&#8221; rt_bg_effect=&#8221;classic&#8221; rt_bg_image_repeat=&#8221;repeat&#8221; rt_bg_size=&#8221;cover&#8221; rt_bg_position=&#8221;right top&#8221; rt_bg_attachment=&#8221;scroll&#8221; rt_bg_video_format=&#8221;self-hosted&#8221;][vc_column rt_wrp_col_paddings=&#8221;false&#8221; rt_border_top=&#8221;&#8221; rt_border_bottom=&#8221;&#8221; rt_border_left=&#8221;&#8221; rt_border_right=&#8221;&#8221; rt_border_top_mobile=&#8221;&#8221; rt_border_bottom_mobile=&#8221;&#8221; rt_border_left_mobile=&#8221;&#8221; rt_border_right_mobile=&#8221;&#8221; rt_bg_image_repeat=&#8221;repeat&#8221; rt_bg_size=&#8221;auto auto&#8221; rt_bg_position=&#8221;right top&#8221; rt_bg_attachment=&#8221;scroll&#8221;]\n<div id=\"product-dynamicID-291775\" class=\"product_holder product-showcase clearfix  border_grid fixed_heights\" data-column-width=\"4\">\n<div class=\"row clearfix\">\n<div class=\"col product_item_holder col-sm-3  foil-cutting-machines-tr\">\n\n<div class=\"product_item_holder\">\n\n\t\t\t<div class=\"featured_image\"> \n\t\t\t<!-- product image -->\n\t\t\t<div class=\"featured_image\"> \n\t\t\t\t<a href=\"https:\/\/www.cavomit.gr\/tr\/product-details\/st-30x40-victoria-kesim-pedalina-takilan-mekanik-varak-yaldiz-sistemi\/\" title=\"(ST.30X40) Victoria kesim pedal\u0131na tak\u0131lan mekanik varak yald\u0131z sistemi\" rel=\"bookmark\" class=\"imgeffect link\"><img decoding=\"async\" src=\"https:\/\/www.cavomit.gr\/wp-content\/uploads\/2023\/11\/ST.Victoria.1-600-490x490.jpg\" alt=\"\" class=\"\" \/><\/a> \n\t\t\t<\/div> \n\t\t<\/div> \n\t\n\n\t\n\t\t\t\t\t\t\n\t\t<div class=\"product_info\">\n\n\t\t\t\t\t\t\t\t<!-- title-->\n\t\t\t\t<h5 class=\"clean_heading\"><a href=\"https:\/\/www.cavomit.gr\/tr\/product-details\/st-30x40-victoria-kesim-pedalina-takilan-mekanik-varak-yaldiz-sistemi\/\" title=\"(ST.30X40) Victoria kesim pedal\u0131na tak\u0131lan mekanik varak yald\u0131z sistemi\" rel=\"bookmark\">(ST.30X40) Victoria kesim pedal\u0131na tak\u0131lan mekanik varak yald\u0131z sistemi<\/a><\/h5>\n\t\t\t\t\n\t\t\t\t<!-- text-->\n\t\t\t\t<p>Daha fazla bilgi i\u00e7in l\u00fctfen makinan\u0131n resmini (TIKLAYINIZ)<\/p>\n\t\t\t\t<div class=\"product_info_footer clearfix\"><div class=\"action_buttons\"><a href=\"https:\/\/www.cavomit.gr\/tr\/product-details\/st-30x40-victoria-kesim-pedalina-takilan-mekanik-varak-yaldiz-sistemi\/\" title=\"(ST.30X40) Victoria kesim pedal\u0131na tak\u0131lan mekanik varak yald\u0131z sistemi\" class=\"details icon-angle-right\">Details<\/a><\/div><\/div> \t\t\n\n\t\t<\/div>\n\t\t\n\n\t\n<\/div><\/div>\n<div class=\"col product_item_holder col-sm-3  foil-cutting-machines-tr\">\n\n<div class=\"product_item_holder\">\n\n\t\t\t<div class=\"featured_image\"> \n\t\t\t<!-- product image -->\n\t\t\t<div class=\"featured_image\"> \n\t\t\t\t<a href=\"https:\/\/www.cavomit.gr\/tr\/product-details\/st-50x70-nantong-lihua-kesim-pedalina-takilan-mekanik-varak-yaldiz-sistemi\/\" title=\"(ST.50X70) Nantong Lihua kesim pedal\u0131na tak\u0131lan mekanik varak yald\u0131z sistemi\" rel=\"bookmark\" class=\"imgeffect link\"><img decoding=\"async\" src=\"https:\/\/www.cavomit.gr\/wp-content\/uploads\/2023\/11\/1.Nantong.Lihua-50X70.600-490x490.jpg\" alt=\"\" class=\"\" \/><\/a> \n\t\t\t<\/div> \n\t\t<\/div> \n\t\n\n\t\n\t\t\t\t\t\t\n\t\t<div class=\"product_info\">\n\n\t\t\t\t\t\t\t\t<!-- title-->\n\t\t\t\t<h5 class=\"clean_heading\"><a href=\"https:\/\/www.cavomit.gr\/tr\/product-details\/st-50x70-nantong-lihua-kesim-pedalina-takilan-mekanik-varak-yaldiz-sistemi\/\" title=\"(ST.50X70) Nantong Lihua kesim pedal\u0131na tak\u0131lan mekanik varak yald\u0131z sistemi\" rel=\"bookmark\">(ST.50X70) Nantong Lihua kesim pedal\u0131na tak\u0131lan mekanik varak yald\u0131z sistemi<\/a><\/h5>\n\t\t\t\t\n\t\t\t\t<!-- text-->\n\t\t\t\t<p>Daha fazla bilgi i\u00e7in l\u00fctfen makinan\u0131n resmini (TIKLAYINIZ)<\/p>\n\t\t\t\t<div class=\"product_info_footer clearfix\"><div class=\"action_buttons\"><a href=\"https:\/\/www.cavomit.gr\/tr\/product-details\/st-50x70-nantong-lihua-kesim-pedalina-takilan-mekanik-varak-yaldiz-sistemi\/\" title=\"(ST.50X70) Nantong Lihua kesim pedal\u0131na tak\u0131lan mekanik varak yald\u0131z sistemi\" class=\"details icon-angle-right\">Details<\/a><\/div><\/div> \t\t\n\n\t\t<\/div>\n\t\t\n\n\t\n<\/div><\/div>\n<div class=\"col product_item_holder col-sm-3  foil-cutting-machines-tr\">\n\n<div class=\"product_item_holder\">\n\n\t\t\t<div class=\"featured_image\"> \n\t\t\t<!-- product image -->\n\t\t\t<div class=\"featured_image\"> \n\t\t\t\t<a href=\"https:\/\/www.cavomit.gr\/tr\/product-details\/st-61x86-rabolini-imperia-kesim-pedalina-takilan-elektronik-varak-yaldiz-sistemi\/\" title=\"(ST.61X86) Rabolini \u0130mperia kesim pedal\u0131na tak\u0131lan elektronik varak yald\u0131z sistemi\" rel=\"bookmark\" class=\"imgeffect link\"><img decoding=\"async\" src=\"https:\/\/www.cavomit.gr\/wp-content\/uploads\/2023\/10\/Stanza.70X100.1-600-1-490x490.jpg\" alt=\"\" class=\"\" \/><\/a> \n\t\t\t<\/div> \n\t\t<\/div> \n\t\n\n\t\n\t\t\t\t\t\t\n\t\t<div class=\"product_info\">\n\n\t\t\t\t\t\t\t\t<!-- title-->\n\t\t\t\t<h5 class=\"clean_heading\"><a href=\"https:\/\/www.cavomit.gr\/tr\/product-details\/st-61x86-rabolini-imperia-kesim-pedalina-takilan-elektronik-varak-yaldiz-sistemi\/\" title=\"(ST.61X86) Rabolini \u0130mperia kesim pedal\u0131na tak\u0131lan elektronik varak yald\u0131z sistemi\" rel=\"bookmark\">(ST.61X86) Rabolini \u0130mperia kesim pedal\u0131na tak\u0131lan elektronik varak yald\u0131z sistemi<\/a><\/h5>\n\t\t\t\t\n\t\t\t\t<!-- text-->\n\t\t\t\t<p>Daha fazla bilgi i\u00e7in l\u00fctfen makinan\u0131n resmini (TIKLAYINIZ)<\/p>\n\t\t\t\t<div class=\"product_info_footer clearfix\"><div class=\"action_buttons\"><a href=\"https:\/\/www.cavomit.gr\/tr\/product-details\/st-61x86-rabolini-imperia-kesim-pedalina-takilan-elektronik-varak-yaldiz-sistemi\/\" title=\"(ST.61X86) Rabolini \u0130mperia kesim pedal\u0131na tak\u0131lan elektronik varak yald\u0131z sistemi\" class=\"details icon-angle-right\">Details<\/a><\/div><\/div> \t\t\n\n\t\t<\/div>\n\t\t\n\n\t\n<\/div><\/div>\n<div class=\"col product_item_holder col-sm-3  foil-cutting-machines-tr\">\n\n<div class=\"product_item_holder\">\n\n\t\t\t<div class=\"featured_image\"> \n\t\t\t<!-- product image -->\n\t\t\t<div class=\"featured_image\"> \n\t\t\t\t<a href=\"https:\/\/www.cavomit.gr\/tr\/product-details\/st-61x86-rabolini-imperia-kesim-pedalina-takilan-mekanik-varak-yaldiz-sistemi\/\" title=\"(ST.61X86) Rabolini Imperia kesim pedal\u0131na tak\u0131lan mekanik varak yald\u0131z sistemi\" rel=\"bookmark\" class=\"imgeffect link\"><img decoding=\"async\" src=\"https:\/\/www.cavomit.gr\/wp-content\/uploads\/2023\/11\/Rabolini.Mech_.1-600-1-490x490.jpg\" alt=\"\" class=\"\" \/><\/a> \n\t\t\t<\/div> \n\t\t<\/div> \n\t\n\n\t\n\t\t\t\t\t\t\n\t\t<div class=\"product_info\">\n\n\t\t\t\t\t\t\t\t<!-- title-->\n\t\t\t\t<h5 class=\"clean_heading\"><a href=\"https:\/\/www.cavomit.gr\/tr\/product-details\/st-61x86-rabolini-imperia-kesim-pedalina-takilan-mekanik-varak-yaldiz-sistemi\/\" title=\"(ST.61X86) Rabolini Imperia kesim pedal\u0131na tak\u0131lan mekanik varak yald\u0131z sistemi\" rel=\"bookmark\">(ST.61X86) Rabolini Imperia kesim pedal\u0131na tak\u0131lan mekanik varak yald\u0131z sistemi<\/a><\/h5>\n\t\t\t\t\n\t\t\t\t<!-- text-->\n\t\t\t\t<p>Daha fazla bilgi i\u00e7in l\u00fctfen makinan\u0131n resmini (TIKLAYINIZ)<\/p>\n\t\t\t\t<div class=\"product_info_footer clearfix\"><div class=\"action_buttons\"><a href=\"https:\/\/www.cavomit.gr\/tr\/product-details\/st-61x86-rabolini-imperia-kesim-pedalina-takilan-mekanik-varak-yaldiz-sistemi\/\" title=\"(ST.61X86) Rabolini Imperia kesim pedal\u0131na tak\u0131lan mekanik varak yald\u0131z sistemi\" class=\"details icon-angle-right\">Details<\/a><\/div><\/div> \t\t\n\n\t\t<\/div>\n\t\t\n\n\t\n<\/div><\/div>\n<\/div>\n<\/div>\n<div class=\"paging_wrapper margin-t30 margin-b30\"><\/div>[\/vc_column][\/vc_row]<\/p>\n","protected":false},"excerpt":{"rendered":"<p>[vc_row rt_row_background_width=&#8221;fullwidth&#8221; rt_row_content_width=&#8221;default&#8221; rt_row_style=&#8221;default-style&#8221; rt_row_borders=&#8221;&#8221; rt_overlap=&#8221;true&#8221; rt_row_paddings=&#8221;true&#8221; rt_bg_effect=&#8221;classic&#8221; rt_bg_image_repeat=&#8221;repeat&#8221; rt_bg_size=&#8221;cover&#8221; rt_bg_position=&#8221;right top&#8221; rt_bg_attachment=&#8221;scroll&#8221; rt_bg_video_format=&#8221;self-hosted&#8221;][vc_column rt_wrp_col_paddings=&#8221;false&#8221; rt_border_top=&#8221;&#8221; rt_border_bottom=&#8221;&#8221; rt_border_left=&#8221;&#8221; rt_border_right=&#8221;&#8221; rt_border_top_mobile=&#8221;&#8221; rt_border_bottom_mobile=&#8221;&#8221; rt_border_left_mobile=&#8221;&#8221; rt_border_right_mobile=&#8221;&#8221; rt_bg_image_repeat=&#8221;repeat&#8221; rt_bg_size=&#8221;auto auto&#8221; rt_bg_position=&#8221;right top&#8221; rt_bg_attachment=&#8221;scroll&#8221;][\/vc_column][\/vc_row]<\/p>\n","protected":false},"author":1,"featured_media":0,"parent":0,"menu_order":0,"comment_status":"open","ping_status":"open","template":"","meta":{"footnotes":""},"class_list":["post-6681","page","type-page","status-publish","hentry"],"_links":{"self":[{"href":"https:\/\/www.cavomit.gr\/tr\/wp-json\/wp\/v2\/pages\/6681","targetHints":{"allow":["GET"]}}],"collection":[{"href":"https:\/\/www.cavomit.gr\/tr\/wp-json\/wp\/v2\/pages"}],"about":[{"href":"https:\/\/www.cavomit.gr\/tr\/wp-json\/wp\/v2\/types\/page"}],"author":[{"embeddable":true,"href":"https:\/\/www.cavomit.gr\/tr\/wp-json\/wp\/v2\/users\/1"}],"replies":[{"embeddable":true,"href":"https:\/\/www.cavomit.gr\/tr\/wp-json\/wp\/v2\/comments?post=6681"}],"version-history":[{"count":3,"href":"https:\/\/www.cavomit.gr\/tr\/wp-json\/wp\/v2\/pages\/6681\/revisions"}],"predecessor-version":[{"id":7378,"href":"https:\/\/www.cavomit.gr\/tr\/wp-json\/wp\/v2\/pages\/6681\/revisions\/7378"}],"wp:attachment":[{"href":"https:\/\/www.cavomit.gr\/tr\/wp-json\/wp\/v2\/media?parent=6681"}],"curies":[{"name":"wp","href":"https:\/\/api.w.org\/{rel}","templated":true}]}}